{"id":20329,"date":"2025-11-07T21:50:50","date_gmt":"2025-11-07T20:50:50","guid":{"rendered":"https:\/\/www.ernstbrunn-apotheke.at\/katalog\/produkt\/bekra-mineral-deo-stick-kristall-120-g\/"},"modified":"2025-12-08T14:19:06","modified_gmt":"2025-12-08T13:19:06","slug":"bekra-mineral-deo-stick-kristall-120-g","status":"publish","type":"product","link":"https:\/\/www.ernstbrunn-apotheke.at\/katalog\/produkt\/bekra-mineral-deo-stick-kristall-120-g\/","title":{"rendered":"Bekra Mineral Deo Stick Kristall 120 g"},"content":{"rendered":"<p>Bekra Mineral Deo Stick Kristall verhindert Schwei\u00dfgeruch mit nur einer Anwendung am Tag. Der Stick ohne Alkohol ist besonders f\u00fcr empfindliche Haut geeignet. Der Stick bek\u00e4mpft Schwei\u00dfgeruch und wirkt bis zu 24 Stunden. Zudem ist er frei von Konservierungs-, Farb- und Parf\u00fcmstoffe.<\/p>\n","protected":false},"excerpt":{"rendered":"<p>Bekra Mineral Deo Stick Kristall verhindert Schwei\u00dfgeruch mit nur einer Anwendung am Tag. Der Stick ohne Alkohol ist besonders f\u00fcr empfindliche Haut geeignet. Der Stick bek\u00e4mpft Schwei\u00dfgeruch und wirkt bis zu 24 Stunden. Zudem ist er frei von Konservierungs-, Farb- und Parf\u00fcmstoffe.<\/p>\n","protected":false},"featured_media":20331,"template":"","meta":{"_acf_changed":false},"product_brand":[],"product_cat":[802],"product_tag":[],"class_list":{"0":"post-20329","1":"product","2":"type-product","3":"status-publish","4":"has-post-thumbnail","6":"product_cat-b","7":"pa_packungsgroesse-120g","9":"first","10":"instock","11":"shipping-taxable","12":"purchasable","13":"product-type-simple"},"acf":[],"_links":{"self":[{"href":"https:\/\/www.ernstbrunn-apotheke.at\/katalog\/wp-json\/wp\/v2\/product\/20329","targetHints":{"allow":["GET"]}}],"collection":[{"href":"https:\/\/www.ernstbrunn-apotheke.at\/katalog\/wp-json\/wp\/v2\/product"}],"about":[{"href":"https:\/\/www.ernstbrunn-apotheke.at\/katalog\/wp-json\/wp\/v2\/types\/product"}],"wp:featuredmedia":[{"embeddable":true,"href":"https:\/\/www.ernstbrunn-apotheke.at\/katalog\/wp-json\/wp\/v2\/media\/20331"}],"wp:attachment":[{"href":"https:\/\/www.ernstbrunn-apotheke.at\/katalog\/wp-json\/wp\/v2\/media?parent=20329"}],"wp:term":[{"taxonomy":"product_brand","embeddable":true,"href":"https:\/\/www.ernstbrunn-apotheke.at\/katalog\/wp-json\/wp\/v2\/product_brand?post=20329"},{"taxonomy":"product_cat","embeddable":true,"href":"https:\/\/www.ernstbrunn-apotheke.at\/katalog\/wp-json\/wp\/v2\/product_cat?post=20329"},{"taxonomy":"product_tag","embeddable":true,"href":"https:\/\/www.ernstbrunn-apotheke.at\/katalog\/wp-json\/wp\/v2\/product_tag?post=20329"}],"curies":[{"name":"wp","href":"https:\/\/api.w.org\/{rel}","templated":true}]}}