{"id":20262,"date":"2025-11-07T21:50:50","date_gmt":"2025-11-07T20:50:50","guid":{"rendered":"https:\/\/www.ernstbrunn-apotheke.at\/katalog\/produkt\/ahc-30-50-ml-forte\/"},"modified":"2025-12-08T14:18:49","modified_gmt":"2025-12-08T13:18:49","slug":"ahc-30-50-ml-forte","status":"publish","type":"product","link":"https:\/\/www.ernstbrunn-apotheke.at\/katalog\/produkt\/ahc-30-50-ml-forte\/","title":{"rendered":"AHC 30 50 ml Forte"},"content":{"rendered":"<p>AHC 30 bewirkt einen nat\u00fcrlichen Verschluss der Schwei\u00dfdr\u00fcsen\u00f6ffnungen und entfaltet die Wirkung bereits nach den ersten Anwendungen. Dieses Produkt ist f\u00fcr die Anwendung  an H\u00e4nden und F\u00fc\u00dfen, in Ausnahmef\u00e4llen jedoch auch an anderen Regionen (Achseln, R\u00fccken) geeignet. Besonders zu empfehlen ist dieses Antitranspirant f\u00fcr den nicht empfindlichen Hauttyp. Reduziert die abgesonderte Schwei\u00dfmenge um bis zu 99%. Dieses Produkt ist in den Packungsgr\u00f6\u00dfen 30 ml und 50 ml erh\u00e4ltlich.<\/p>\n","protected":false},"excerpt":{"rendered":"<p>AHC 30 bewirkt einen nat\u00fcrlichen Verschluss der Schwei\u00dfdr\u00fcsen\u00f6ffnungen und entfaltet die Wirkung bereits nach den ersten Anwendungen. Dieses Produkt ist f\u00fcr die Anwendung an H\u00e4nden und F\u00fc\u00dfen, in Ausnahmef\u00e4llen jedoch auch an anderen Regionen (Achseln, R\u00fccken) geeignet. Besonders zu empfehlen ist dieses Antitranspirant f\u00fcr den nicht empfindlichen Hauttyp. Reduziert die abgesonderte Schwei\u00dfmenge um bis zu [&hellip;]<\/p>\n","protected":false},"featured_media":20264,"template":"","meta":{"_acf_changed":false},"product_brand":[],"product_cat":[801],"product_tag":[],"class_list":{"0":"post-20262","1":"product","2":"type-product","3":"status-publish","4":"has-post-thumbnail","6":"product_cat-a","7":"pa_packungsgroesse-50ml","9":"first","10":"instock","11":"shipping-taxable","12":"purchasable","13":"product-type-simple"},"acf":[],"_links":{"self":[{"href":"https:\/\/www.ernstbrunn-apotheke.at\/katalog\/wp-json\/wp\/v2\/product\/20262","targetHints":{"allow":["GET"]}}],"collection":[{"href":"https:\/\/www.ernstbrunn-apotheke.at\/katalog\/wp-json\/wp\/v2\/product"}],"about":[{"href":"https:\/\/www.ernstbrunn-apotheke.at\/katalog\/wp-json\/wp\/v2\/types\/product"}],"wp:featuredmedia":[{"embeddable":true,"href":"https:\/\/www.ernstbrunn-apotheke.at\/katalog\/wp-json\/wp\/v2\/media\/20264"}],"wp:attachment":[{"href":"https:\/\/www.ernstbrunn-apotheke.at\/katalog\/wp-json\/wp\/v2\/media?parent=20262"}],"wp:term":[{"taxonomy":"product_brand","embeddable":true,"href":"https:\/\/www.ernstbrunn-apotheke.at\/katalog\/wp-json\/wp\/v2\/product_brand?post=20262"},{"taxonomy":"product_cat","embeddable":true,"href":"https:\/\/www.ernstbrunn-apotheke.at\/katalog\/wp-json\/wp\/v2\/product_cat?post=20262"},{"taxonomy":"product_tag","embeddable":true,"href":"https:\/\/www.ernstbrunn-apotheke.at\/katalog\/wp-json\/wp\/v2\/product_tag?post=20262"}],"curies":[{"name":"wp","href":"https:\/\/api.w.org\/{rel}","templated":true}]}}