{"id":20247,"date":"2025-11-07T21:50:50","date_gmt":"2025-11-07T20:50:50","guid":{"rendered":"https:\/\/www.ernstbrunn-apotheke.at\/katalog\/produkt\/ahc-20-30-ml-sensitiv\/"},"modified":"2025-12-08T14:18:46","modified_gmt":"2025-12-08T13:18:46","slug":"ahc-20-30-ml-sensitiv","status":"publish","type":"product","link":"https:\/\/www.ernstbrunn-apotheke.at\/katalog\/produkt\/ahc-20-30-ml-sensitiv\/","title":{"rendered":"AHC 20 30 ml Sensitiv"},"content":{"rendered":"<p>AHC 20 bewirkt einen nat\u00fcrlichen Verschluss der Schwei\u00dfdr\u00fcsen\u00f6ffnungen und entfaltet die Wirkung bereits nach den ersten Anwendungen. AHC 20 ist f\u00fcr die Anwendung unter den Achseln und bei Schwitzen an allen anderen K\u00f6rperstellen geeignet. Besonders zu empfehlen ist dieses Produkt f\u00fcr den empfindlichen Hauttyp. Reduziert die abgesonderte Schwei\u00dfmenge um bis zu 99%.<\/p>\n","protected":false},"excerpt":{"rendered":"<p>AHC 20 bewirkt einen nat\u00fcrlichen Verschluss der Schwei\u00dfdr\u00fcsen\u00f6ffnungen und entfaltet die Wirkung bereits nach den ersten Anwendungen. AHC 20 ist f\u00fcr die Anwendung unter den Achseln und bei Schwitzen an allen anderen K\u00f6rperstellen geeignet. Besonders zu empfehlen ist dieses Produkt f\u00fcr den empfindlichen Hauttyp. Reduziert die abgesonderte Schwei\u00dfmenge um bis zu 99%.<\/p>\n","protected":false},"featured_media":20249,"template":"","meta":{"_acf_changed":false},"product_brand":[],"product_cat":[801],"product_tag":[],"class_list":{"0":"post-20247","1":"product","2":"type-product","3":"status-publish","4":"has-post-thumbnail","6":"product_cat-a","7":"pa_packungsgroesse-30ml","9":"first","10":"instock","11":"shipping-taxable","12":"purchasable","13":"product-type-simple"},"acf":[],"_links":{"self":[{"href":"https:\/\/www.ernstbrunn-apotheke.at\/katalog\/wp-json\/wp\/v2\/product\/20247","targetHints":{"allow":["GET"]}}],"collection":[{"href":"https:\/\/www.ernstbrunn-apotheke.at\/katalog\/wp-json\/wp\/v2\/product"}],"about":[{"href":"https:\/\/www.ernstbrunn-apotheke.at\/katalog\/wp-json\/wp\/v2\/types\/product"}],"wp:featuredmedia":[{"embeddable":true,"href":"https:\/\/www.ernstbrunn-apotheke.at\/katalog\/wp-json\/wp\/v2\/media\/20249"}],"wp:attachment":[{"href":"https:\/\/www.ernstbrunn-apotheke.at\/katalog\/wp-json\/wp\/v2\/media?parent=20247"}],"wp:term":[{"taxonomy":"product_brand","embeddable":true,"href":"https:\/\/www.ernstbrunn-apotheke.at\/katalog\/wp-json\/wp\/v2\/product_brand?post=20247"},{"taxonomy":"product_cat","embeddable":true,"href":"https:\/\/www.ernstbrunn-apotheke.at\/katalog\/wp-json\/wp\/v2\/product_cat?post=20247"},{"taxonomy":"product_tag","embeddable":true,"href":"https:\/\/www.ernstbrunn-apotheke.at\/katalog\/wp-json\/wp\/v2\/product_tag?post=20247"}],"curies":[{"name":"wp","href":"https:\/\/api.w.org\/{rel}","templated":true}]}}