{"id":20174,"date":"2025-11-07T21:50:06","date_gmt":"2025-11-07T20:50:06","guid":{"rendered":"https:\/\/www.ernstbrunn-apotheke.at\/katalog\/produkt\/weleda-deodorant-100-ml-citrus\/"},"modified":"2025-12-08T14:18:28","modified_gmt":"2025-12-08T13:18:28","slug":"weleda-deodorant-100-ml-citrus","status":"publish","type":"product","link":"https:\/\/www.ernstbrunn-apotheke.at\/katalog\/produkt\/weleda-deodorant-100-ml-citrus\/","title":{"rendered":"Weleda Deodorant 100 ml Citrus"},"content":{"rendered":"<p>Weleda Deodorant hemmt mit \u00e4therischen \u00d6len und einem Inhaltsstoff aus S\u00fc\u00dfholzwurzel (Glycyrrhizins\u00e4ure) auf nat\u00fcrliche Weise das Entstehen von K\u00f6rpergeruch, ohne die regulierenden Hautfunktionen zu beeintr\u00e4chtigen und verschlie\u00dft dabei nicht die Hautporen. Fruchtige Zitronenfrische. Das Citrus 24h Deo Spray wirkt mild desodorierend, ohne die nat\u00fcrliche Hautfunktionen zu beeinflussen..<\/p>\n","protected":false},"excerpt":{"rendered":"<p>Weleda Deodorant hemmt mit \u00e4therischen \u00d6len und einem Inhaltsstoff aus S\u00fc\u00dfholzwurzel (Glycyrrhizins\u00e4ure) auf nat\u00fcrliche Weise das Entstehen von K\u00f6rpergeruch, ohne die regulierenden Hautfunktionen zu beeintr\u00e4chtigen und verschlie\u00dft dabei nicht die Hautporen. Fruchtige Zitronenfrische. Das Citrus 24h Deo Spray wirkt mild desodorierend, ohne die nat\u00fcrliche Hautfunktionen zu beeinflussen..<\/p>\n","protected":false},"featured_media":20176,"template":"","meta":{"_acf_changed":false},"product_brand":[567],"product_cat":[796],"product_tag":[],"class_list":{"0":"post-20174","1":"product","2":"type-product","3":"status-publish","4":"has-post-thumbnail","6":"product_brand-weleda","7":"product_cat-w","8":"pa_packungsgroesse-100ml","10":"first","11":"instock","12":"shipping-taxable","13":"purchasable","14":"product-type-simple"},"acf":[],"_links":{"self":[{"href":"https:\/\/www.ernstbrunn-apotheke.at\/katalog\/wp-json\/wp\/v2\/product\/20174","targetHints":{"allow":["GET"]}}],"collection":[{"href":"https:\/\/www.ernstbrunn-apotheke.at\/katalog\/wp-json\/wp\/v2\/product"}],"about":[{"href":"https:\/\/www.ernstbrunn-apotheke.at\/katalog\/wp-json\/wp\/v2\/types\/product"}],"wp:featuredmedia":[{"embeddable":true,"href":"https:\/\/www.ernstbrunn-apotheke.at\/katalog\/wp-json\/wp\/v2\/media\/20176"}],"wp:attachment":[{"href":"https:\/\/www.ernstbrunn-apotheke.at\/katalog\/wp-json\/wp\/v2\/media?parent=20174"}],"wp:term":[{"taxonomy":"product_brand","embeddable":true,"href":"https:\/\/www.ernstbrunn-apotheke.at\/katalog\/wp-json\/wp\/v2\/product_brand?post=20174"},{"taxonomy":"product_cat","embeddable":true,"href":"https:\/\/www.ernstbrunn-apotheke.at\/katalog\/wp-json\/wp\/v2\/product_cat?post=20174"},{"taxonomy":"product_tag","embeddable":true,"href":"https:\/\/www.ernstbrunn-apotheke.at\/katalog\/wp-json\/wp\/v2\/product_tag?post=20174"}],"curies":[{"name":"wp","href":"https:\/\/api.w.org\/{rel}","templated":true}]}}