{"id":20132,"date":"2025-11-07T21:49:32","date_gmt":"2025-11-07T20:49:32","guid":{"rendered":"https:\/\/www.ernstbrunn-apotheke.at\/katalog\/produkt\/vichy-deodorant-antitranspirant-72h-stress-resist-roll-on\/"},"modified":"2025-12-08T14:18:13","modified_gmt":"2025-12-08T13:18:13","slug":"vichy-deodorant-antitranspirant-72h-stress-resist-roll-on","status":"publish","type":"product","link":"https:\/\/www.ernstbrunn-apotheke.at\/katalog\/produkt\/vichy-deodorant-antitranspirant-72h-stress-resist-roll-on\/","title":{"rendered":"Vichy DEODORANT Antitranspirant 72h Stress-resist Roll-On"},"content":{"rendered":"<p>F\u00fcr M\u00e4nner und Frauen, die intensiv schwitzen und die Wirksamkeit und Hautvertr\u00e4glichkeit miteinander verbinden wollen.<\/p>\n","protected":false},"excerpt":{"rendered":"<p>F\u00fcr M\u00e4nner und Frauen, die intensiv schwitzen und die Wirksamkeit und Hautvertr\u00e4glichkeit miteinander verbinden wollen.<\/p>\n","protected":false},"featured_media":20134,"template":"","meta":{"_acf_changed":false},"product_brand":[675],"product_cat":[799],"product_tag":[],"class_list":{"0":"post-20132","1":"product","2":"type-product","3":"status-publish","4":"has-post-thumbnail","6":"product_brand-vichy","7":"product_cat-v","8":"pa_packungsgroesse-30ml","10":"first","11":"instock","12":"shipping-taxable","13":"purchasable","14":"product-type-simple"},"acf":[],"_links":{"self":[{"href":"https:\/\/www.ernstbrunn-apotheke.at\/katalog\/wp-json\/wp\/v2\/product\/20132","targetHints":{"allow":["GET"]}}],"collection":[{"href":"https:\/\/www.ernstbrunn-apotheke.at\/katalog\/wp-json\/wp\/v2\/product"}],"about":[{"href":"https:\/\/www.ernstbrunn-apotheke.at\/katalog\/wp-json\/wp\/v2\/types\/product"}],"wp:featuredmedia":[{"embeddable":true,"href":"https:\/\/www.ernstbrunn-apotheke.at\/katalog\/wp-json\/wp\/v2\/media\/20134"}],"wp:attachment":[{"href":"https:\/\/www.ernstbrunn-apotheke.at\/katalog\/wp-json\/wp\/v2\/media?parent=20132"}],"wp:term":[{"taxonomy":"product_brand","embeddable":true,"href":"https:\/\/www.ernstbrunn-apotheke.at\/katalog\/wp-json\/wp\/v2\/product_brand?post=20132"},{"taxonomy":"product_cat","embeddable":true,"href":"https:\/\/www.ernstbrunn-apotheke.at\/katalog\/wp-json\/wp\/v2\/product_cat?post=20132"},{"taxonomy":"product_tag","embeddable":true,"href":"https:\/\/www.ernstbrunn-apotheke.at\/katalog\/wp-json\/wp\/v2\/product_tag?post=20132"}],"curies":[{"name":"wp","href":"https:\/\/api.w.org\/{rel}","templated":true}]}}