{"id":20115,"date":"2025-11-07T21:49:32","date_gmt":"2025-11-07T20:49:32","guid":{"rendered":"https:\/\/www.ernstbrunn-apotheke.at\/katalog\/produkt\/dr-hauschka-deomilch-rosenblueten-alkoholarm-ohne-aluminiumsalze\/"},"modified":"2025-12-08T14:18:08","modified_gmt":"2025-12-08T13:18:08","slug":"dr-hauschka-deomilch-rosenblueten-alkoholarm-ohne-aluminiumsalze","status":"publish","type":"product","link":"https:\/\/www.ernstbrunn-apotheke.at\/katalog\/produkt\/dr-hauschka-deomilch-rosenblueten-alkoholarm-ohne-aluminiumsalze\/","title":{"rendered":"Dr. Hauschka DEOMILCH Rosenbl\u00fcten alkoholarm ohne Aluminiumsalze"},"content":{"rendered":"<p>Dr. Hauschka Deomilch sorgt f\u00fcr den Abtransport unerw\u00fcnschter Stoffwechselprodukte. Der Roll-on verf\u00fcgt \u00fcber eine sehr gute Hautvertr\u00e4glichkeit und hinterl\u00e4sst keine Flecken auf der Kleidung. F\u00fcr langanhaltende Frische.<\/p>\n","protected":false},"excerpt":{"rendered":"<p>Dr. Hauschka Deomilch sorgt f\u00fcr den Abtransport unerw\u00fcnschter Stoffwechselprodukte. Der Roll-on verf\u00fcgt \u00fcber eine sehr gute Hautvertr\u00e4glichkeit und hinterl\u00e4sst keine Flecken auf der Kleidung. F\u00fcr langanhaltende Frische.<\/p>\n","protected":false},"featured_media":20117,"template":"","meta":{"_acf_changed":false},"product_brand":[679],"product_cat":[792],"product_tag":[],"class_list":{"0":"post-20115","1":"product","2":"type-product","3":"status-publish","4":"has-post-thumbnail","6":"product_brand-dr-hauschka","7":"product_cat-d","8":"pa_packungsgroesse-50ml","10":"first","11":"instock","12":"shipping-taxable","13":"purchasable","14":"product-type-simple"},"acf":[],"_links":{"self":[{"href":"https:\/\/www.ernstbrunn-apotheke.at\/katalog\/wp-json\/wp\/v2\/product\/20115","targetHints":{"allow":["GET"]}}],"collection":[{"href":"https:\/\/www.ernstbrunn-apotheke.at\/katalog\/wp-json\/wp\/v2\/product"}],"about":[{"href":"https:\/\/www.ernstbrunn-apotheke.at\/katalog\/wp-json\/wp\/v2\/types\/product"}],"wp:featuredmedia":[{"embeddable":true,"href":"https:\/\/www.ernstbrunn-apotheke.at\/katalog\/wp-json\/wp\/v2\/media\/20117"}],"wp:attachment":[{"href":"https:\/\/www.ernstbrunn-apotheke.at\/katalog\/wp-json\/wp\/v2\/media?parent=20115"}],"wp:term":[{"taxonomy":"product_brand","embeddable":true,"href":"https:\/\/www.ernstbrunn-apotheke.at\/katalog\/wp-json\/wp\/v2\/product_brand?post=20115"},{"taxonomy":"product_cat","embeddable":true,"href":"https:\/\/www.ernstbrunn-apotheke.at\/katalog\/wp-json\/wp\/v2\/product_cat?post=20115"},{"taxonomy":"product_tag","embeddable":true,"href":"https:\/\/www.ernstbrunn-apotheke.at\/katalog\/wp-json\/wp\/v2\/product_tag?post=20115"}],"curies":[{"name":"wp","href":"https:\/\/api.w.org\/{rel}","templated":true}]}}