{"id":20056,"date":"2025-11-07T21:48:50","date_gmt":"2025-11-07T20:48:50","guid":{"rendered":"https:\/\/www.ernstbrunn-apotheke.at\/katalog\/produkt\/perspirex-original-roll-on-20-ml\/"},"modified":"2025-12-08T14:17:46","modified_gmt":"2025-12-08T13:17:46","slug":"perspirex-original-roll-on-20-ml","status":"publish","type":"product","link":"https:\/\/www.ernstbrunn-apotheke.at\/katalog\/produkt\/perspirex-original-roll-on-20-ml\/","title":{"rendered":"Perspirex Original Roll-on 20 ml"},"content":{"rendered":"<p>Perspirex ist ein Hochleistungs-Antitranspirant und bietet Ihnen im Alltag den optimalen Schutz vor Schwei\u00df und K\u00f6rpergeruch. Antitranspirante wie Perspirex sind f\u00fcr viele Menschen die bessere Wahl im Vergleich zu einem Deo. W\u00e4hrend ein gew\u00f6hnlichesDeodorant prim\u00e4r den Geruch \u00fcberdeckt (z.B. mit parf\u00fcmierten Substanzen), unterbinden Antitranspirante die Schwei\u00dfbildung an den behandelten K\u00f6rperstellen (z.B. Achseln oder Fu\u00dfsohlen) wesentlich und neutralisieren den Geruch. Seit Jahrzehnten vertrauen Millionen von Menschen weltweit dem klinisch nachgewiesenen Langzeitschutz von Perspirex. Bereits eine einzige Anwendung sch\u00fctzt Sie 3\u20135 Tage lang vor Schwei\u00df und K\u00f6rpergeruch. Perspirex enth\u00e4lt kein Parfum und ist dank seines Hautpflegekomplexes* auch f\u00fcr sensible Haut geeignet.<\/p>\n","protected":false},"excerpt":{"rendered":"<p>Perspirex ist ein Hochleistungs-Antitranspirant und bietet Ihnen im Alltag den optimalen Schutz vor Schwei\u00df und K\u00f6rpergeruch. Antitranspirante wie Perspirex sind f\u00fcr viele Menschen die bessere Wahl im Vergleich zu einem Deo. W\u00e4hrend ein gew\u00f6hnlichesDeodorant prim\u00e4r den Geruch \u00fcberdeckt (z.B. mit parf\u00fcmierten Substanzen), unterbinden Antitranspirante die Schwei\u00dfbildung an den behandelten K\u00f6rperstellen (z.B. Achseln oder Fu\u00dfsohlen) wesentlich [&hellip;]<\/p>\n","protected":false},"featured_media":20058,"template":"","meta":{"_acf_changed":false},"product_brand":[],"product_cat":[793],"product_tag":[],"class_list":{"0":"post-20056","1":"product","2":"type-product","3":"status-publish","4":"has-post-thumbnail","6":"product_cat-p","7":"pa_packungsgroesse-20ml","9":"first","10":"instock","11":"shipping-taxable","12":"purchasable","13":"product-type-simple"},"acf":[],"_links":{"self":[{"href":"https:\/\/www.ernstbrunn-apotheke.at\/katalog\/wp-json\/wp\/v2\/product\/20056","targetHints":{"allow":["GET"]}}],"collection":[{"href":"https:\/\/www.ernstbrunn-apotheke.at\/katalog\/wp-json\/wp\/v2\/product"}],"about":[{"href":"https:\/\/www.ernstbrunn-apotheke.at\/katalog\/wp-json\/wp\/v2\/types\/product"}],"wp:featuredmedia":[{"embeddable":true,"href":"https:\/\/www.ernstbrunn-apotheke.at\/katalog\/wp-json\/wp\/v2\/media\/20058"}],"wp:attachment":[{"href":"https:\/\/www.ernstbrunn-apotheke.at\/katalog\/wp-json\/wp\/v2\/media?parent=20056"}],"wp:term":[{"taxonomy":"product_brand","embeddable":true,"href":"https:\/\/www.ernstbrunn-apotheke.at\/katalog\/wp-json\/wp\/v2\/product_brand?post=20056"},{"taxonomy":"product_cat","embeddable":true,"href":"https:\/\/www.ernstbrunn-apotheke.at\/katalog\/wp-json\/wp\/v2\/product_cat?post=20056"},{"taxonomy":"product_tag","embeddable":true,"href":"https:\/\/www.ernstbrunn-apotheke.at\/katalog\/wp-json\/wp\/v2\/product_tag?post=20056"}],"curies":[{"name":"wp","href":"https:\/\/api.w.org\/{rel}","templated":true}]}}