{"id":20026,"date":"2025-11-07T21:48:50","date_gmt":"2025-11-07T20:48:50","guid":{"rendered":"https:\/\/www.ernstbrunn-apotheke.at\/katalog\/produkt\/syneo-5-unisex-deo-pumpspray-30-ml\/"},"modified":"2025-12-08T14:17:35","modified_gmt":"2025-12-08T13:17:35","slug":"syneo-5-unisex-deo-pumpspray-30-ml","status":"publish","type":"product","link":"https:\/\/www.ernstbrunn-apotheke.at\/katalog\/produkt\/syneo-5-unisex-deo-pumpspray-30-ml\/","title":{"rendered":"Syneo 5 Unisex Deo Pumpspray 30 ml"},"content":{"rendered":"<p>Syneo 5 Unisex Deo Pumpspray wirkt durch die besondere Wirkstoff-Kombination bereits nach der ersten Anwendung. Dar\u00fcber hinaus kann der Deospray unangenehmen K\u00f6rpergeruch bis zu 5 Tage verhindern. Allantoin sch\u00fctzt die Haut vor Irritationen und feuchtigkeitsspendende Stoffe bewahren sie vor dem Austrocknen.<\/p>\n","protected":false},"excerpt":{"rendered":"<p>Syneo 5 Unisex Deo Pumpspray wirkt durch die besondere Wirkstoff-Kombination bereits nach der ersten Anwendung. Dar\u00fcber hinaus kann der Deospray unangenehmen K\u00f6rpergeruch bis zu 5 Tage verhindern. Allantoin sch\u00fctzt die Haut vor Irritationen und feuchtigkeitsspendende Stoffe bewahren sie vor dem Austrocknen.<\/p>\n","protected":false},"featured_media":20028,"template":"","meta":{"_acf_changed":false},"product_brand":[],"product_cat":[791],"product_tag":[],"class_list":{"0":"post-20026","1":"product","2":"type-product","3":"status-publish","4":"has-post-thumbnail","6":"product_cat-s","7":"pa_packungsgroesse-30ml","9":"first","10":"instock","11":"shipping-taxable","12":"purchasable","13":"product-type-simple"},"acf":[],"_links":{"self":[{"href":"https:\/\/www.ernstbrunn-apotheke.at\/katalog\/wp-json\/wp\/v2\/product\/20026","targetHints":{"allow":["GET"]}}],"collection":[{"href":"https:\/\/www.ernstbrunn-apotheke.at\/katalog\/wp-json\/wp\/v2\/product"}],"about":[{"href":"https:\/\/www.ernstbrunn-apotheke.at\/katalog\/wp-json\/wp\/v2\/types\/product"}],"wp:featuredmedia":[{"embeddable":true,"href":"https:\/\/www.ernstbrunn-apotheke.at\/katalog\/wp-json\/wp\/v2\/media\/20028"}],"wp:attachment":[{"href":"https:\/\/www.ernstbrunn-apotheke.at\/katalog\/wp-json\/wp\/v2\/media?parent=20026"}],"wp:term":[{"taxonomy":"product_brand","embeddable":true,"href":"https:\/\/www.ernstbrunn-apotheke.at\/katalog\/wp-json\/wp\/v2\/product_brand?post=20026"},{"taxonomy":"product_cat","embeddable":true,"href":"https:\/\/www.ernstbrunn-apotheke.at\/katalog\/wp-json\/wp\/v2\/product_cat?post=20026"},{"taxonomy":"product_tag","embeddable":true,"href":"https:\/\/www.ernstbrunn-apotheke.at\/katalog\/wp-json\/wp\/v2\/product_tag?post=20026"}],"curies":[{"name":"wp","href":"https:\/\/api.w.org\/{rel}","templated":true}]}}