{"id":19983,"date":"2025-11-07T21:48:50","date_gmt":"2025-11-07T20:48:50","guid":{"rendered":"https:\/\/www.ernstbrunn-apotheke.at\/katalog\/produkt\/vichy-deodorant-hautberuhigender-deo-stick-ohne-aluminiumsalze\/"},"modified":"2025-12-08T14:17:24","modified_gmt":"2025-12-08T13:17:24","slug":"vichy-deodorant-hautberuhigender-deo-stick-ohne-aluminiumsalze","status":"publish","type":"product","link":"https:\/\/www.ernstbrunn-apotheke.at\/katalog\/produkt\/vichy-deodorant-hautberuhigender-deo-stick-ohne-aluminiumsalze\/","title":{"rendered":"Vichy DEODORANT hautberuhigender Deo Stick ohne Aluminiumsalze"},"content":{"rendered":"<p>Ein wirksames Deo ohne Aluminium wie der 24h Stick f\u00fcr Frauen von Vichy ist  f\u00fcr empfindliche Haut geeignet und pflegt die Achseln &#8211; wir f\u00fchren alle Produkte von VICHY zu Sonderpreisen!<\/p>\n","protected":false},"excerpt":{"rendered":"<p>Ein wirksames Deo ohne Aluminium wie der 24h Stick f\u00fcr Frauen von Vichy ist f\u00fcr empfindliche Haut geeignet und pflegt die Achseln &#8211; wir f\u00fchren alle Produkte von VICHY zu Sonderpreisen!<\/p>\n","protected":false},"featured_media":19985,"template":"","meta":{"_acf_changed":false},"product_brand":[675],"product_cat":[799],"product_tag":[],"class_list":{"0":"post-19983","1":"product","2":"type-product","3":"status-publish","4":"has-post-thumbnail","6":"product_brand-vichy","7":"product_cat-v","8":"pa_packungsgroesse-40ml","10":"first","11":"instock","12":"shipping-taxable","13":"purchasable","14":"product-type-simple"},"acf":[],"_links":{"self":[{"href":"https:\/\/www.ernstbrunn-apotheke.at\/katalog\/wp-json\/wp\/v2\/product\/19983","targetHints":{"allow":["GET"]}}],"collection":[{"href":"https:\/\/www.ernstbrunn-apotheke.at\/katalog\/wp-json\/wp\/v2\/product"}],"about":[{"href":"https:\/\/www.ernstbrunn-apotheke.at\/katalog\/wp-json\/wp\/v2\/types\/product"}],"wp:featuredmedia":[{"embeddable":true,"href":"https:\/\/www.ernstbrunn-apotheke.at\/katalog\/wp-json\/wp\/v2\/media\/19985"}],"wp:attachment":[{"href":"https:\/\/www.ernstbrunn-apotheke.at\/katalog\/wp-json\/wp\/v2\/media?parent=19983"}],"wp:term":[{"taxonomy":"product_brand","embeddable":true,"href":"https:\/\/www.ernstbrunn-apotheke.at\/katalog\/wp-json\/wp\/v2\/product_brand?post=19983"},{"taxonomy":"product_cat","embeddable":true,"href":"https:\/\/www.ernstbrunn-apotheke.at\/katalog\/wp-json\/wp\/v2\/product_cat?post=19983"},{"taxonomy":"product_tag","embeddable":true,"href":"https:\/\/www.ernstbrunn-apotheke.at\/katalog\/wp-json\/wp\/v2\/product_tag?post=19983"}],"curies":[{"name":"wp","href":"https:\/\/api.w.org\/{rel}","templated":true}]}}