{"id":19876,"date":"2025-11-07T21:47:53","date_gmt":"2025-11-07T20:47:53","guid":{"rendered":"https:\/\/www.ernstbrunn-apotheke.at\/katalog\/produkt\/wurzeltod-sohlen-pflaster-extra-stark-3-stk\/"},"modified":"2025-12-08T14:17:02","modified_gmt":"2025-12-08T13:17:02","slug":"wurzeltod-sohlen-pflaster-extra-stark-3-stk","status":"publish","type":"product","link":"https:\/\/www.ernstbrunn-apotheke.at\/katalog\/produkt\/wurzeltod-sohlen-pflaster-extra-stark-3-stk\/","title":{"rendered":"Wurzeltod Sohlen-Pflaster Extra stark 3 Stk."},"content":{"rendered":"<p>Wurzeltod Sohlen-Pflaster Extra stark lindert unangenehmes Brennen und Schmerzen. Mit diesem Pflaster lassen sich diese Beschwerden gezielt lindern und die enthaltene Salicyls\u00e4ure l\u00f6st die Hornhaut in wenigen Tagen. Zwischen dem Pflasterwechsel unterst\u00fctzen Fu\u00dfb\u00e4der mit dem Wurzeltod Spezial-Fu\u00dfbad den Heilungsprozess.<\/p>\n","protected":false},"excerpt":{"rendered":"<p>Wurzeltod Sohlen-Pflaster Extra stark lindert unangenehmes Brennen und Schmerzen. Mit diesem Pflaster lassen sich diese Beschwerden gezielt lindern und die enthaltene Salicyls\u00e4ure l\u00f6st die Hornhaut in wenigen Tagen. Zwischen dem Pflasterwechsel unterst\u00fctzen Fu\u00dfb\u00e4der mit dem Wurzeltod Spezial-Fu\u00dfbad den Heilungsprozess.<\/p>\n","protected":false},"featured_media":19878,"template":"","meta":{"_acf_changed":false},"product_brand":[],"product_cat":[796],"product_tag":[],"class_list":{"0":"post-19876","1":"product","2":"type-product","3":"status-publish","4":"has-post-thumbnail","6":"product_cat-w","7":"pa_packungsgroesse-3-stueck","9":"first","10":"instock","11":"shipping-taxable","12":"purchasable","13":"product-type-simple"},"acf":[],"_links":{"self":[{"href":"https:\/\/www.ernstbrunn-apotheke.at\/katalog\/wp-json\/wp\/v2\/product\/19876","targetHints":{"allow":["GET"]}}],"collection":[{"href":"https:\/\/www.ernstbrunn-apotheke.at\/katalog\/wp-json\/wp\/v2\/product"}],"about":[{"href":"https:\/\/www.ernstbrunn-apotheke.at\/katalog\/wp-json\/wp\/v2\/types\/product"}],"wp:featuredmedia":[{"embeddable":true,"href":"https:\/\/www.ernstbrunn-apotheke.at\/katalog\/wp-json\/wp\/v2\/media\/19878"}],"wp:attachment":[{"href":"https:\/\/www.ernstbrunn-apotheke.at\/katalog\/wp-json\/wp\/v2\/media?parent=19876"}],"wp:term":[{"taxonomy":"product_brand","embeddable":true,"href":"https:\/\/www.ernstbrunn-apotheke.at\/katalog\/wp-json\/wp\/v2\/product_brand?post=19876"},{"taxonomy":"product_cat","embeddable":true,"href":"https:\/\/www.ernstbrunn-apotheke.at\/katalog\/wp-json\/wp\/v2\/product_cat?post=19876"},{"taxonomy":"product_tag","embeddable":true,"href":"https:\/\/www.ernstbrunn-apotheke.at\/katalog\/wp-json\/wp\/v2\/product_tag?post=19876"}],"curies":[{"name":"wp","href":"https:\/\/api.w.org\/{rel}","templated":true}]}}