{"id":19835,"date":"2025-11-07T21:47:53","date_gmt":"2025-11-07T20:47:53","guid":{"rendered":"https:\/\/www.ernstbrunn-apotheke.at\/katalog\/produkt\/wortie-cool-warzenvereisungsmittel\/"},"modified":"2025-12-08T14:16:56","modified_gmt":"2025-12-08T13:16:56","slug":"wortie-cool-warzenvereisungsmittel","status":"publish","type":"product","link":"https:\/\/www.ernstbrunn-apotheke.at\/katalog\/produkt\/wortie-cool-warzenvereisungsmittel\/","title":{"rendered":"Wortie cool Warzenvereisungsmittel"},"content":{"rendered":"<p class=\"MsoNormal\">Wortie\u00ae coolist ein einfach anzuwendender Applikator zur Vereisung von gew\u00f6hnlichen Warzenund Dornwarzen, \u00e4hnlich der Kryotherapie (K\u00e4ltetherapie), die von \u00c4rztenangewendet wird \u2013 ganz einfach und sicher f\u00fcr zu Hause!<\/p>\n<p class=\"MsoNormal\">Wortie\u00ae coolbietet die ideale Kombination von effektiver Leistung, h\u00f6chster Sicherheitsowie einfacher &amp; schneller Anwendung.<\/p>\n<p class=\"MsoNormal\">*WIRKSAM: optimaleVereisungsleistung durch patentierte Technologie<\/p>\n<p class=\"MsoNormal\">*SICHER:h\u00f6chste Sicherheit durch einzigartigen, innovativen Pr\u00e4zisionsapplikator<\/p>\n<p>*SCHNELL: einfache &amp; schnelle Behandlungdurch revolution\u00e4re Anwendungsart<\/p>\n","protected":false},"excerpt":{"rendered":"<p>Wortie\u00ae coolist ein einfach anzuwendender Applikator zur Vereisung von gew\u00f6hnlichen Warzenund Dornwarzen, \u00e4hnlich der Kryotherapie (K\u00e4ltetherapie), die von \u00c4rztenangewendet wird \u2013 ganz einfach und sicher f\u00fcr zu Hause! Wortie\u00ae coolbietet die ideale Kombination von effektiver Leistung, h\u00f6chster Sicherheitsowie einfacher &amp; schneller Anwendung. *WIRKSAM: optimaleVereisungsleistung durch patentierte Technologie *SICHER:h\u00f6chste Sicherheit durch einzigartigen, innovativen Pr\u00e4zisionsapplikator *SCHNELL: einfache [&hellip;]<\/p>\n","protected":false},"featured_media":19837,"template":"","meta":{"_acf_changed":false},"product_brand":[],"product_cat":[796],"product_tag":[],"class_list":{"0":"post-19835","1":"product","2":"type-product","3":"status-publish","4":"has-post-thumbnail","6":"product_cat-w","7":"pa_packungsgroesse-50ml","9":"first","10":"instock","11":"shipping-taxable","12":"purchasable","13":"product-type-simple"},"acf":[],"_links":{"self":[{"href":"https:\/\/www.ernstbrunn-apotheke.at\/katalog\/wp-json\/wp\/v2\/product\/19835","targetHints":{"allow":["GET"]}}],"collection":[{"href":"https:\/\/www.ernstbrunn-apotheke.at\/katalog\/wp-json\/wp\/v2\/product"}],"about":[{"href":"https:\/\/www.ernstbrunn-apotheke.at\/katalog\/wp-json\/wp\/v2\/types\/product"}],"wp:featuredmedia":[{"embeddable":true,"href":"https:\/\/www.ernstbrunn-apotheke.at\/katalog\/wp-json\/wp\/v2\/media\/19837"}],"wp:attachment":[{"href":"https:\/\/www.ernstbrunn-apotheke.at\/katalog\/wp-json\/wp\/v2\/media?parent=19835"}],"wp:term":[{"taxonomy":"product_brand","embeddable":true,"href":"https:\/\/www.ernstbrunn-apotheke.at\/katalog\/wp-json\/wp\/v2\/product_brand?post=19835"},{"taxonomy":"product_cat","embeddable":true,"href":"https:\/\/www.ernstbrunn-apotheke.at\/katalog\/wp-json\/wp\/v2\/product_cat?post=19835"},{"taxonomy":"product_tag","embeddable":true,"href":"https:\/\/www.ernstbrunn-apotheke.at\/katalog\/wp-json\/wp\/v2\/product_tag?post=19835"}],"curies":[{"name":"wp","href":"https:\/\/api.w.org\/{rel}","templated":true}]}}