{"id":19817,"date":"2025-11-07T21:47:53","date_gmt":"2025-11-07T20:47:53","guid":{"rendered":"https:\/\/www.ernstbrunn-apotheke.at\/katalog\/produkt\/warzin-gegen-warzen-10-ml\/"},"modified":"2025-12-08T14:16:53","modified_gmt":"2025-12-08T13:16:53","slug":"warzin-gegen-warzen-10-ml","status":"publish","type":"product","link":"https:\/\/www.ernstbrunn-apotheke.at\/katalog\/produkt\/warzin-gegen-warzen-10-ml\/","title":{"rendered":"Warzin gegen Warzen 10 ml"},"content":{"rendered":"<p>Warzin dient zur Behandlung von gew\u00f6hnlichen Warzen, Warzen and der Fu\u00dfsohle auch sogenannte Dornwarzen und Warzen im Bereich der Nagelplatte.<\/p>\n<p>&#13;<\/p>\n<p>\u00a0<\/p>\n<p>&#13;<\/p>\n<p><strong>Wirkung<\/strong><\/p>\n<p>&#13;<\/p>\n<p>Kurz nach der ersten Anwendung bildet sich ein milchig wei\u00dfes, sch\u00fctzendes H\u00e4utchen, dass nicht entfernt werden darf. Erfahrungsgem\u00e4\u00df kommt es dann nach 3 bis 8 Wochen zur Abheilung der behandelten Warze.<\/p>\n","protected":false},"excerpt":{"rendered":"<p>Warzin dient zur Behandlung von gew\u00f6hnlichen Warzen, Warzen and der Fu\u00dfsohle auch sogenannte Dornwarzen und Warzen im Bereich der Nagelplatte. &#13; \u00a0 &#13; Wirkung &#13; Kurz nach der ersten Anwendung bildet sich ein milchig wei\u00dfes, sch\u00fctzendes H\u00e4utchen, dass nicht entfernt werden darf. Erfahrungsgem\u00e4\u00df kommt es dann nach 3 bis 8 Wochen zur Abheilung der behandelten [&hellip;]<\/p>\n","protected":false},"featured_media":19819,"template":"","meta":{"_acf_changed":false},"product_brand":[],"product_cat":[796],"product_tag":[],"class_list":{"0":"post-19817","1":"product","2":"type-product","3":"status-publish","4":"has-post-thumbnail","6":"product_cat-w","7":"pa_packungsgroesse-10ml","9":"first","10":"instock","11":"shipping-taxable","12":"purchasable","13":"product-type-simple"},"acf":[],"_links":{"self":[{"href":"https:\/\/www.ernstbrunn-apotheke.at\/katalog\/wp-json\/wp\/v2\/product\/19817","targetHints":{"allow":["GET"]}}],"collection":[{"href":"https:\/\/www.ernstbrunn-apotheke.at\/katalog\/wp-json\/wp\/v2\/product"}],"about":[{"href":"https:\/\/www.ernstbrunn-apotheke.at\/katalog\/wp-json\/wp\/v2\/types\/product"}],"wp:featuredmedia":[{"embeddable":true,"href":"https:\/\/www.ernstbrunn-apotheke.at\/katalog\/wp-json\/wp\/v2\/media\/19819"}],"wp:attachment":[{"href":"https:\/\/www.ernstbrunn-apotheke.at\/katalog\/wp-json\/wp\/v2\/media?parent=19817"}],"wp:term":[{"taxonomy":"product_brand","embeddable":true,"href":"https:\/\/www.ernstbrunn-apotheke.at\/katalog\/wp-json\/wp\/v2\/product_brand?post=19817"},{"taxonomy":"product_cat","embeddable":true,"href":"https:\/\/www.ernstbrunn-apotheke.at\/katalog\/wp-json\/wp\/v2\/product_cat?post=19817"},{"taxonomy":"product_tag","embeddable":true,"href":"https:\/\/www.ernstbrunn-apotheke.at\/katalog\/wp-json\/wp\/v2\/product_tag?post=19817"}],"curies":[{"name":"wp","href":"https:\/\/api.w.org\/{rel}","templated":true}]}}