{"id":19771,"date":"2025-11-07T21:46:48","date_gmt":"2025-11-07T20:46:48","guid":{"rendered":"https:\/\/www.ernstbrunn-apotheke.at\/katalog\/produkt\/exoderil-creme-1-30-g\/"},"modified":"2025-12-08T14:16:45","modified_gmt":"2025-12-08T13:16:45","slug":"exoderil-creme-1-30-g","status":"publish","type":"product","link":"https:\/\/www.ernstbrunn-apotheke.at\/katalog\/produkt\/exoderil-creme-1-30-g\/","title":{"rendered":"Exoderil Creme 1% 30 g"},"content":{"rendered":"<p>Exoderil  ist bei  Erwachsenen  f\u00fcr  den  \u00e4u\u00dferlichen  Gebrauch  bei  Pilzinfektionen  bestimmt  und enth\u00e4lt  als  Wirkstoff  Naftifinhydrochlorid.  Exoderil  ist  wirksam  gegen  Hautpilze,  Hefepilze, Schimmelpilze  und  andere  Pilze.  Es  wirkt  auch  gegen  viele  verschiedene  Bakterien,  die  bei Menschen oft zusammen mit Pilzerkrankungen auftreten.In der Folge seiner entz\u00fcndungshemmenden Wirkung kommt es zu einem raschen Abklingen der Entz\u00fcndungszeichen und vor allem des Juckreizes.Aufgrund der guten Aufnahme durch die Haut und der langen Verweildauer in den verschiedenen Hautschichten reicht eine einmal t\u00e4gliche Anwendung von Exoderil aus.<\/p>\n","protected":false},"excerpt":{"rendered":"<p>Exoderil ist bei Erwachsenen f\u00fcr den \u00e4u\u00dferlichen Gebrauch bei Pilzinfektionen bestimmt und enth\u00e4lt als Wirkstoff Naftifinhydrochlorid. Exoderil ist wirksam gegen Hautpilze, Hefepilze, Schimmelpilze und andere Pilze. Es wirkt auch gegen viele verschiedene Bakterien, die bei Menschen oft zusammen mit Pilzerkrankungen auftreten.In der Folge seiner entz\u00fcndungshemmenden Wirkung kommt es zu einem raschen Abklingen der Entz\u00fcndungszeichen und [&hellip;]<\/p>\n","protected":false},"featured_media":19773,"template":"","meta":{"_acf_changed":false},"product_brand":[],"product_cat":[794],"product_tag":[],"class_list":{"0":"post-19771","1":"product","2":"type-product","3":"status-publish","4":"has-post-thumbnail","6":"product_cat-e","7":"pa_packungsgroesse-30g","9":"first","10":"instock","11":"shipping-taxable","12":"purchasable","13":"product-type-simple"},"acf":[],"_links":{"self":[{"href":"https:\/\/www.ernstbrunn-apotheke.at\/katalog\/wp-json\/wp\/v2\/product\/19771","targetHints":{"allow":["GET"]}}],"collection":[{"href":"https:\/\/www.ernstbrunn-apotheke.at\/katalog\/wp-json\/wp\/v2\/product"}],"about":[{"href":"https:\/\/www.ernstbrunn-apotheke.at\/katalog\/wp-json\/wp\/v2\/types\/product"}],"wp:featuredmedia":[{"embeddable":true,"href":"https:\/\/www.ernstbrunn-apotheke.at\/katalog\/wp-json\/wp\/v2\/media\/19773"}],"wp:attachment":[{"href":"https:\/\/www.ernstbrunn-apotheke.at\/katalog\/wp-json\/wp\/v2\/media?parent=19771"}],"wp:term":[{"taxonomy":"product_brand","embeddable":true,"href":"https:\/\/www.ernstbrunn-apotheke.at\/katalog\/wp-json\/wp\/v2\/product_brand?post=19771"},{"taxonomy":"product_cat","embeddable":true,"href":"https:\/\/www.ernstbrunn-apotheke.at\/katalog\/wp-json\/wp\/v2\/product_cat?post=19771"},{"taxonomy":"product_tag","embeddable":true,"href":"https:\/\/www.ernstbrunn-apotheke.at\/katalog\/wp-json\/wp\/v2\/product_tag?post=19771"}],"curies":[{"name":"wp","href":"https:\/\/api.w.org\/{rel}","templated":true}]}}