{"id":19755,"date":"2025-11-07T21:46:48","date_gmt":"2025-11-07T20:46:48","guid":{"rendered":"https:\/\/www.ernstbrunn-apotheke.at\/katalog\/produkt\/canesten-bifonazol-comp-salbe-nagelset\/"},"modified":"2025-12-08T14:16:43","modified_gmt":"2025-12-08T13:16:43","slug":"canesten-bifonazol-comp-salbe-nagelset","status":"publish","type":"product","link":"https:\/\/www.ernstbrunn-apotheke.at\/katalog\/produkt\/canesten-bifonazol-comp-salbe-nagelset\/","title":{"rendered":"Canesten Bifonazol comp. Salbe + Nagelset"},"content":{"rendered":"<p>Canesten Bifonazol comp. Salbe + Nagelset erlaubt Ihnen in kurzer Zeit und auf einfache Weise Pilzinfektionen der N\u00e4gel an H\u00e4nden und F\u00fc\u00dfen zu behandeln. Das Set enth\u00e4lt eine Salbe mit pilzabt\u00f6tendem Bifonazol, einen Schaber zum Abtragen der befallenen Nageloberfl\u00e4che sowie 15 wasserfeste Pflaster. Der in der Salbe zus\u00e4tzlich enthaltene Harnstoff erm\u00f6glicht ein schonendes Aufweichen der N\u00e4gel und damit ein schmerzfreies Abl\u00f6sen.<\/p>\n","protected":false},"excerpt":{"rendered":"<p>Canesten Bifonazol comp. Salbe + Nagelset erlaubt Ihnen in kurzer Zeit und auf einfache Weise Pilzinfektionen der N\u00e4gel an H\u00e4nden und F\u00fc\u00dfen zu behandeln. Das Set enth\u00e4lt eine Salbe mit pilzabt\u00f6tendem Bifonazol, einen Schaber zum Abtragen der befallenen Nageloberfl\u00e4che sowie 15 wasserfeste Pflaster. Der in der Salbe zus\u00e4tzlich enthaltene Harnstoff erm\u00f6glicht ein schonendes Aufweichen der [&hellip;]<\/p>\n","protected":false},"featured_media":19757,"template":"","meta":{"_acf_changed":false},"product_brand":[],"product_cat":[812],"product_tag":[],"class_list":{"0":"post-19755","1":"product","2":"type-product","3":"status-publish","4":"has-post-thumbnail","6":"product_cat-c","7":"pa_packungsgroesse-10g","9":"first","10":"instock","11":"shipping-taxable","12":"purchasable","13":"product-type-simple"},"acf":[],"_links":{"self":[{"href":"https:\/\/www.ernstbrunn-apotheke.at\/katalog\/wp-json\/wp\/v2\/product\/19755","targetHints":{"allow":["GET"]}}],"collection":[{"href":"https:\/\/www.ernstbrunn-apotheke.at\/katalog\/wp-json\/wp\/v2\/product"}],"about":[{"href":"https:\/\/www.ernstbrunn-apotheke.at\/katalog\/wp-json\/wp\/v2\/types\/product"}],"wp:featuredmedia":[{"embeddable":true,"href":"https:\/\/www.ernstbrunn-apotheke.at\/katalog\/wp-json\/wp\/v2\/media\/19757"}],"wp:attachment":[{"href":"https:\/\/www.ernstbrunn-apotheke.at\/katalog\/wp-json\/wp\/v2\/media?parent=19755"}],"wp:term":[{"taxonomy":"product_brand","embeddable":true,"href":"https:\/\/www.ernstbrunn-apotheke.at\/katalog\/wp-json\/wp\/v2\/product_brand?post=19755"},{"taxonomy":"product_cat","embeddable":true,"href":"https:\/\/www.ernstbrunn-apotheke.at\/katalog\/wp-json\/wp\/v2\/product_cat?post=19755"},{"taxonomy":"product_tag","embeddable":true,"href":"https:\/\/www.ernstbrunn-apotheke.at\/katalog\/wp-json\/wp\/v2\/product_tag?post=19755"}],"curies":[{"name":"wp","href":"https:\/\/api.w.org\/{rel}","templated":true}]}}