{"id":19745,"date":"2025-11-07T21:46:48","date_gmt":"2025-11-07T20:46:48","guid":{"rendered":"https:\/\/www.ernstbrunn-apotheke.at\/katalog\/produkt\/lamisil-once-loesung-4-g\/"},"modified":"2025-12-08T14:16:42","modified_gmt":"2025-12-08T13:16:42","slug":"lamisil-once-loesung-4-g","status":"publish","type":"product","link":"https:\/\/www.ernstbrunn-apotheke.at\/katalog\/produkt\/lamisil-once-loesung-4-g\/","title":{"rendered":"Lamisil Once L\u00f6sung 4 g"},"content":{"rendered":"<p>Lamisil Once L\u00f6sung bildet einen weder sicht- noch f\u00fchlbaren Film auf der Haut, der den pilzt\u00f6tenden Wirkstoff Terbinafin nach und nach abgibt. Nach etwa 3 bis 4 Tagen verschwindet der Film, doch der Wirkstoff hat sich in der Haut angereichert und bildet dort ein Langzeitdepot. Die L\u00f6sung arbeitet nach dem Auftragen \u00fcber einen Zeitraum von etwa 2 Wochen f\u00fcr Sie in der Haut weiter und beseitigt den Pilz zuverl\u00e4ssig.<\/p>\n","protected":false},"excerpt":{"rendered":"<p>Lamisil Once L\u00f6sung bildet einen weder sicht- noch f\u00fchlbaren Film auf der Haut, der den pilzt\u00f6tenden Wirkstoff Terbinafin nach und nach abgibt. Nach etwa 3 bis 4 Tagen verschwindet der Film, doch der Wirkstoff hat sich in der Haut angereichert und bildet dort ein Langzeitdepot. Die L\u00f6sung arbeitet nach dem Auftragen \u00fcber einen Zeitraum von [&hellip;]<\/p>\n","protected":false},"featured_media":19747,"template":"","meta":{"_acf_changed":false},"product_brand":[],"product_cat":[795],"product_tag":[],"class_list":{"0":"post-19745","1":"product","2":"type-product","3":"status-publish","4":"has-post-thumbnail","6":"product_cat-l","7":"pa_packungsgroesse-4g","9":"first","10":"instock","11":"shipping-taxable","12":"purchasable","13":"product-type-simple"},"acf":[],"_links":{"self":[{"href":"https:\/\/www.ernstbrunn-apotheke.at\/katalog\/wp-json\/wp\/v2\/product\/19745","targetHints":{"allow":["GET"]}}],"collection":[{"href":"https:\/\/www.ernstbrunn-apotheke.at\/katalog\/wp-json\/wp\/v2\/product"}],"about":[{"href":"https:\/\/www.ernstbrunn-apotheke.at\/katalog\/wp-json\/wp\/v2\/types\/product"}],"wp:featuredmedia":[{"embeddable":true,"href":"https:\/\/www.ernstbrunn-apotheke.at\/katalog\/wp-json\/wp\/v2\/media\/19747"}],"wp:attachment":[{"href":"https:\/\/www.ernstbrunn-apotheke.at\/katalog\/wp-json\/wp\/v2\/media?parent=19745"}],"wp:term":[{"taxonomy":"product_brand","embeddable":true,"href":"https:\/\/www.ernstbrunn-apotheke.at\/katalog\/wp-json\/wp\/v2\/product_brand?post=19745"},{"taxonomy":"product_cat","embeddable":true,"href":"https:\/\/www.ernstbrunn-apotheke.at\/katalog\/wp-json\/wp\/v2\/product_cat?post=19745"},{"taxonomy":"product_tag","embeddable":true,"href":"https:\/\/www.ernstbrunn-apotheke.at\/katalog\/wp-json\/wp\/v2\/product_tag?post=19745"}],"curies":[{"name":"wp","href":"https:\/\/api.w.org\/{rel}","templated":true}]}}