{"id":19715,"date":"2025-11-07T21:46:48","date_gmt":"2025-11-07T20:46:48","guid":{"rendered":"https:\/\/www.ernstbrunn-apotheke.at\/katalog\/produkt\/kitonail-nagellack-66-ml\/"},"modified":"2025-12-08T14:16:38","modified_gmt":"2025-12-08T13:16:38","slug":"kitonail-nagellack-66-ml","status":"publish","type":"product","link":"https:\/\/www.ernstbrunn-apotheke.at\/katalog\/produkt\/kitonail-nagellack-66-ml\/","title":{"rendered":"Kitonail Nagellack 6,6 ml"},"content":{"rendered":"<p>Kitonail Nagellack ist ein wirksames Mittel gegen verschiedene Pilzerkrankungen zur \u00e4u\u00dferlichen Anwendung auf Fingern\u00e4geln, Zehenn\u00e4geln und der unmittelbar angrenzenden Haut. Es wird zur Behandlung von leichten bis m\u00e4\u00dfig schweren Pilzinfektionen der N\u00e4gel angewendet. Der Wirkstoff Ciclopirox verhindert ein Wachstum der Pilze und zerst\u00f6rt diese. Dadurch wird das Erscheinungsbild Ihres Nagels verbessert.<\/p>\n","protected":false},"excerpt":{"rendered":"<p>Kitonail Nagellack ist ein wirksames Mittel gegen verschiedene Pilzerkrankungen zur \u00e4u\u00dferlichen Anwendung auf Fingern\u00e4geln, Zehenn\u00e4geln und der unmittelbar angrenzenden Haut. Es wird zur Behandlung von leichten bis m\u00e4\u00dfig schweren Pilzinfektionen der N\u00e4gel angewendet. Der Wirkstoff Ciclopirox verhindert ein Wachstum der Pilze und zerst\u00f6rt diese. Dadurch wird das Erscheinungsbild Ihres Nagels verbessert.<\/p>\n","protected":false},"featured_media":19717,"template":"","meta":{"_acf_changed":false},"product_brand":[],"product_cat":[807],"product_tag":[],"class_list":{"0":"post-19715","1":"product","2":"type-product","3":"status-publish","4":"has-post-thumbnail","6":"product_cat-k","7":"pa_packungsgroesse-6ml","9":"first","10":"instock","11":"shipping-taxable","12":"purchasable","13":"product-type-simple"},"acf":[],"_links":{"self":[{"href":"https:\/\/www.ernstbrunn-apotheke.at\/katalog\/wp-json\/wp\/v2\/product\/19715","targetHints":{"allow":["GET"]}}],"collection":[{"href":"https:\/\/www.ernstbrunn-apotheke.at\/katalog\/wp-json\/wp\/v2\/product"}],"about":[{"href":"https:\/\/www.ernstbrunn-apotheke.at\/katalog\/wp-json\/wp\/v2\/types\/product"}],"wp:featuredmedia":[{"embeddable":true,"href":"https:\/\/www.ernstbrunn-apotheke.at\/katalog\/wp-json\/wp\/v2\/media\/19717"}],"wp:attachment":[{"href":"https:\/\/www.ernstbrunn-apotheke.at\/katalog\/wp-json\/wp\/v2\/media?parent=19715"}],"wp:term":[{"taxonomy":"product_brand","embeddable":true,"href":"https:\/\/www.ernstbrunn-apotheke.at\/katalog\/wp-json\/wp\/v2\/product_brand?post=19715"},{"taxonomy":"product_cat","embeddable":true,"href":"https:\/\/www.ernstbrunn-apotheke.at\/katalog\/wp-json\/wp\/v2\/product_cat?post=19715"},{"taxonomy":"product_tag","embeddable":true,"href":"https:\/\/www.ernstbrunn-apotheke.at\/katalog\/wp-json\/wp\/v2\/product_tag?post=19715"}],"curies":[{"name":"wp","href":"https:\/\/api.w.org\/{rel}","templated":true}]}}