{"id":19703,"date":"2025-11-07T21:46:48","date_gmt":"2025-11-07T20:46:48","guid":{"rendered":"https:\/\/www.ernstbrunn-apotheke.at\/katalog\/produkt\/naloc-nagelpilz-loesung-10ml\/"},"modified":"2025-12-08T14:16:35","modified_gmt":"2025-12-08T13:16:35","slug":"naloc-nagelpilz-loesung-10ml","status":"publish","type":"product","link":"https:\/\/www.ernstbrunn-apotheke.at\/katalog\/produkt\/naloc-nagelpilz-loesung-10ml\/","title":{"rendered":"Naloc Nagelpilz L\u00f6sung 10ml"},"content":{"rendered":"<p>Naloc Nagelbehandlung pflegt N\u00e4gel mit Pilzinfektion oder Psoriasis und verbessert das Erscheinungsbild von verf\u00e4rbten und deformierten N\u00e4geln. Naloc ist klinisch auf seine Wirkung gegen Pilzinfektionen der N\u00e4gel erprobt, verringert die Verf\u00e4rbung und verbessert zudem das Aussehen der N\u00e4gel.<\/p>\n","protected":false},"excerpt":{"rendered":"<p>Naloc Nagelbehandlung pflegt N\u00e4gel mit Pilzinfektion oder Psoriasis und verbessert das Erscheinungsbild von verf\u00e4rbten und deformierten N\u00e4geln. Naloc ist klinisch auf seine Wirkung gegen Pilzinfektionen der N\u00e4gel erprobt, verringert die Verf\u00e4rbung und verbessert zudem das Aussehen der N\u00e4gel.<\/p>\n","protected":false},"featured_media":19705,"template":"","meta":{"_acf_changed":false},"product_brand":[671],"product_cat":[797],"product_tag":[],"class_list":{"0":"post-19703","1":"product","2":"type-product","3":"status-publish","4":"has-post-thumbnail","6":"product_brand-naloc","7":"product_cat-n","8":"pa_packungsgroesse-10ml","10":"first","11":"instock","12":"shipping-taxable","13":"purchasable","14":"product-type-simple"},"acf":[],"_links":{"self":[{"href":"https:\/\/www.ernstbrunn-apotheke.at\/katalog\/wp-json\/wp\/v2\/product\/19703","targetHints":{"allow":["GET"]}}],"collection":[{"href":"https:\/\/www.ernstbrunn-apotheke.at\/katalog\/wp-json\/wp\/v2\/product"}],"about":[{"href":"https:\/\/www.ernstbrunn-apotheke.at\/katalog\/wp-json\/wp\/v2\/types\/product"}],"wp:featuredmedia":[{"embeddable":true,"href":"https:\/\/www.ernstbrunn-apotheke.at\/katalog\/wp-json\/wp\/v2\/media\/19705"}],"wp:attachment":[{"href":"https:\/\/www.ernstbrunn-apotheke.at\/katalog\/wp-json\/wp\/v2\/media?parent=19703"}],"wp:term":[{"taxonomy":"product_brand","embeddable":true,"href":"https:\/\/www.ernstbrunn-apotheke.at\/katalog\/wp-json\/wp\/v2\/product_brand?post=19703"},{"taxonomy":"product_cat","embeddable":true,"href":"https:\/\/www.ernstbrunn-apotheke.at\/katalog\/wp-json\/wp\/v2\/product_cat?post=19703"},{"taxonomy":"product_tag","embeddable":true,"href":"https:\/\/www.ernstbrunn-apotheke.at\/katalog\/wp-json\/wp\/v2\/product_tag?post=19703"}],"curies":[{"name":"wp","href":"https:\/\/api.w.org\/{rel}","templated":true}]}}