{"id":19634,"date":"2025-11-07T21:46:01","date_gmt":"2025-11-07T20:46:01","guid":{"rendered":"https:\/\/www.ernstbrunn-apotheke.at\/katalog\/produkt\/canesten-bifonazol-creme-20-g\/"},"modified":"2025-12-08T14:16:25","modified_gmt":"2025-12-08T13:16:25","slug":"canesten-bifonazol-creme-20-g","status":"publish","type":"product","link":"https:\/\/www.ernstbrunn-apotheke.at\/katalog\/produkt\/canesten-bifonazol-creme-20-g\/","title":{"rendered":"Canesten Bifonazol Creme 20 g"},"content":{"rendered":"<p>Pilzerkrankungen k\u00f6nnen an praktisch jeder Stelle des K\u00f6rpers auftreten  besonders gef\u00e4hrdet sind K\u00f6rperstellen, an denen Haut auf Haut liegt, also zwischen den Zehen, in der Leistengegend oder in der Achselh\u00f6hle. Bifonazol, der Wirkstoff in Canesten Bifonazol Creme eignet sich zur Behandlung von Pilzerkrankungen der Haut. Die Creme dringt in die befallenen Hautschichten ein und t\u00f6tet dort den Pilz ab.<\/p>\n","protected":false},"excerpt":{"rendered":"<p>Pilzerkrankungen k\u00f6nnen an praktisch jeder Stelle des K\u00f6rpers auftreten besonders gef\u00e4hrdet sind K\u00f6rperstellen, an denen Haut auf Haut liegt, also zwischen den Zehen, in der Leistengegend oder in der Achselh\u00f6hle. Bifonazol, der Wirkstoff in Canesten Bifonazol Creme eignet sich zur Behandlung von Pilzerkrankungen der Haut. Die Creme dringt in die befallenen Hautschichten ein und t\u00f6tet [&hellip;]<\/p>\n","protected":false},"featured_media":19636,"template":"","meta":{"_acf_changed":false},"product_brand":[],"product_cat":[812],"product_tag":[],"class_list":{"0":"post-19634","1":"product","2":"type-product","3":"status-publish","4":"has-post-thumbnail","6":"product_cat-c","7":"pa_packungsgroesse-20g","9":"first","10":"instock","11":"shipping-taxable","12":"purchasable","13":"product-type-simple"},"acf":[],"_links":{"self":[{"href":"https:\/\/www.ernstbrunn-apotheke.at\/katalog\/wp-json\/wp\/v2\/product\/19634","targetHints":{"allow":["GET"]}}],"collection":[{"href":"https:\/\/www.ernstbrunn-apotheke.at\/katalog\/wp-json\/wp\/v2\/product"}],"about":[{"href":"https:\/\/www.ernstbrunn-apotheke.at\/katalog\/wp-json\/wp\/v2\/types\/product"}],"wp:featuredmedia":[{"embeddable":true,"href":"https:\/\/www.ernstbrunn-apotheke.at\/katalog\/wp-json\/wp\/v2\/media\/19636"}],"wp:attachment":[{"href":"https:\/\/www.ernstbrunn-apotheke.at\/katalog\/wp-json\/wp\/v2\/media?parent=19634"}],"wp:term":[{"taxonomy":"product_brand","embeddable":true,"href":"https:\/\/www.ernstbrunn-apotheke.at\/katalog\/wp-json\/wp\/v2\/product_brand?post=19634"},{"taxonomy":"product_cat","embeddable":true,"href":"https:\/\/www.ernstbrunn-apotheke.at\/katalog\/wp-json\/wp\/v2\/product_cat?post=19634"},{"taxonomy":"product_tag","embeddable":true,"href":"https:\/\/www.ernstbrunn-apotheke.at\/katalog\/wp-json\/wp\/v2\/product_tag?post=19634"}],"curies":[{"name":"wp","href":"https:\/\/api.w.org\/{rel}","templated":true}]}}