{"id":19613,"date":"2025-11-07T21:46:01","date_gmt":"2025-11-07T20:46:01","guid":{"rendered":"https:\/\/www.ernstbrunn-apotheke.at\/katalog\/produkt\/helpic-anti-muecken-spray\/"},"modified":"2025-12-08T14:16:18","modified_gmt":"2025-12-08T13:16:18","slug":"helpic-anti-muecken-spray","status":"publish","type":"product","link":"https:\/\/www.ernstbrunn-apotheke.at\/katalog\/produkt\/helpic-anti-muecken-spray\/","title":{"rendered":"HELPIC Anti M\u00fccken Spray"},"content":{"rendered":"<p>Helpic Anti M\u00fccken Spray sch\u00fctzt zuverl\u00e4ssig vor Stechm\u00fccken und anderen Plagegeistern. Das Spray enth\u00e4lt einen naturbasierten Wirkstoff, sch\u00fctzt zuverl\u00e4ssig bis zu 8 Stunden gegen M\u00fccken und duftet angenehm frisch. Helpic Anti M\u00fccken Spray ist zudem wasserbest\u00e4ndig und auch f\u00fcr Kinder und Menschen mit sensibler Haut geeignet.<\/p>\n","protected":false},"excerpt":{"rendered":"<p>Helpic Anti M\u00fccken Spray sch\u00fctzt zuverl\u00e4ssig vor Stechm\u00fccken und anderen Plagegeistern. Das Spray enth\u00e4lt einen naturbasierten Wirkstoff, sch\u00fctzt zuverl\u00e4ssig bis zu 8 Stunden gegen M\u00fccken und duftet angenehm frisch. Helpic Anti M\u00fccken Spray ist zudem wasserbest\u00e4ndig und auch f\u00fcr Kinder und Menschen mit sensibler Haut geeignet.<\/p>\n","protected":false},"featured_media":19615,"template":"","meta":{"_acf_changed":false},"product_brand":[652],"product_cat":[805],"product_tag":[],"class_list":{"0":"post-19613","1":"product","2":"type-product","3":"status-publish","4":"has-post-thumbnail","6":"product_brand-heplic","7":"product_cat-h","8":"pa_packungsgroesse-100ml","10":"first","11":"instock","12":"shipping-taxable","13":"purchasable","14":"product-type-simple"},"acf":[],"_links":{"self":[{"href":"https:\/\/www.ernstbrunn-apotheke.at\/katalog\/wp-json\/wp\/v2\/product\/19613","targetHints":{"allow":["GET"]}}],"collection":[{"href":"https:\/\/www.ernstbrunn-apotheke.at\/katalog\/wp-json\/wp\/v2\/product"}],"about":[{"href":"https:\/\/www.ernstbrunn-apotheke.at\/katalog\/wp-json\/wp\/v2\/types\/product"}],"wp:featuredmedia":[{"embeddable":true,"href":"https:\/\/www.ernstbrunn-apotheke.at\/katalog\/wp-json\/wp\/v2\/media\/19615"}],"wp:attachment":[{"href":"https:\/\/www.ernstbrunn-apotheke.at\/katalog\/wp-json\/wp\/v2\/media?parent=19613"}],"wp:term":[{"taxonomy":"product_brand","embeddable":true,"href":"https:\/\/www.ernstbrunn-apotheke.at\/katalog\/wp-json\/wp\/v2\/product_brand?post=19613"},{"taxonomy":"product_cat","embeddable":true,"href":"https:\/\/www.ernstbrunn-apotheke.at\/katalog\/wp-json\/wp\/v2\/product_cat?post=19613"},{"taxonomy":"product_tag","embeddable":true,"href":"https:\/\/www.ernstbrunn-apotheke.at\/katalog\/wp-json\/wp\/v2\/product_tag?post=19613"}],"curies":[{"name":"wp","href":"https:\/\/api.w.org\/{rel}","templated":true}]}}