{"id":19572,"date":"2025-11-07T21:46:01","date_gmt":"2025-11-07T20:46:01","guid":{"rendered":"https:\/\/www.ernstbrunn-apotheke.at\/katalog\/produkt\/mosquito-zecken-spray-protect-100-ml\/"},"modified":"2025-12-08T14:16:09","modified_gmt":"2025-12-08T13:16:09","slug":"mosquito-zecken-spray-protect-100-ml","status":"publish","type":"product","link":"https:\/\/www.ernstbrunn-apotheke.at\/katalog\/produkt\/mosquito-zecken-spray-protect-100-ml\/","title":{"rendered":"Mosquito Zecken Spray Protect 100 ml"},"content":{"rendered":"<p>Mosquito Zecken Spray Protect ist der Spezialist f\u00fcr Wald und Wiesen. Der Spray sch\u00fctzt bis zu 5 Stunden vor Zecken und verf\u00fcgt \u00fcber ein 360\u00b0 \u00dcber-Kopf-Spr\u00fchsystem &#8211;<\/p>\n","protected":false},"excerpt":{"rendered":"<p>Mosquito Zecken Spray Protect ist der Spezialist f\u00fcr Wald und Wiesen. Der Spray sch\u00fctzt bis zu 5 Stunden vor Zecken und verf\u00fcgt \u00fcber ein 360\u00b0 \u00dcber-Kopf-Spr\u00fchsystem &#8211;<\/p>\n","protected":false},"featured_media":19574,"template":"","meta":{"_acf_changed":false},"product_brand":[],"product_cat":[800],"product_tag":[],"class_list":{"0":"post-19572","1":"product","2":"type-product","3":"status-publish","4":"has-post-thumbnail","6":"product_cat-m","7":"pa_packungsgroesse-100ml","9":"first","10":"instock","11":"shipping-taxable","12":"purchasable","13":"product-type-simple"},"acf":[],"_links":{"self":[{"href":"https:\/\/www.ernstbrunn-apotheke.at\/katalog\/wp-json\/wp\/v2\/product\/19572","targetHints":{"allow":["GET"]}}],"collection":[{"href":"https:\/\/www.ernstbrunn-apotheke.at\/katalog\/wp-json\/wp\/v2\/product"}],"about":[{"href":"https:\/\/www.ernstbrunn-apotheke.at\/katalog\/wp-json\/wp\/v2\/types\/product"}],"wp:featuredmedia":[{"embeddable":true,"href":"https:\/\/www.ernstbrunn-apotheke.at\/katalog\/wp-json\/wp\/v2\/media\/19574"}],"wp:attachment":[{"href":"https:\/\/www.ernstbrunn-apotheke.at\/katalog\/wp-json\/wp\/v2\/media?parent=19572"}],"wp:term":[{"taxonomy":"product_brand","embeddable":true,"href":"https:\/\/www.ernstbrunn-apotheke.at\/katalog\/wp-json\/wp\/v2\/product_brand?post=19572"},{"taxonomy":"product_cat","embeddable":true,"href":"https:\/\/www.ernstbrunn-apotheke.at\/katalog\/wp-json\/wp\/v2\/product_cat?post=19572"},{"taxonomy":"product_tag","embeddable":true,"href":"https:\/\/www.ernstbrunn-apotheke.at\/katalog\/wp-json\/wp\/v2\/product_tag?post=19572"}],"curies":[{"name":"wp","href":"https:\/\/api.w.org\/{rel}","templated":true}]}}