{"id":19542,"date":"2025-11-07T21:46:01","date_gmt":"2025-11-07T20:46:01","guid":{"rendered":"https:\/\/www.ernstbrunn-apotheke.at\/katalog\/produkt\/soventol-protect-intensiv-schutzspray-zeckenabwehr-100-ml\/"},"modified":"2025-12-08T14:16:01","modified_gmt":"2025-12-08T13:16:01","slug":"soventol-protect-intensiv-schutzspray-zeckenabwehr-100-ml","status":"publish","type":"product","link":"https:\/\/www.ernstbrunn-apotheke.at\/katalog\/produkt\/soventol-protect-intensiv-schutzspray-zeckenabwehr-100-ml\/","title":{"rendered":"Soventol PROTECT Intensiv-Schutzspray Zeckenabwehr 100 ml"},"content":{"rendered":"<p>Zecken k\u00f6nnen gef\u00e4hrliche Krankheiten \u00fcbertragen. Umso wichtiger ist ein zuverl\u00e4ssiger und langanhaltender Schutz gegen\u00fcber den Parasiten. Genau hier leistet Soventol\u00ae PROTECT zur Zeckenabwehr effektive Unterst\u00fctzung: Das Intensiv-Schutzspray aus der Apotheke h\u00e4lt Zecken bis zu 6 Stunden lang fern. Da es zudem wasserbest\u00e4ndig und schwitzfest ist, eignet sich Soventol\u00ae PROTECT auch ideal f\u00fcr Sportler und aktive Menschen! Aufgrund der guten Vertr\u00e4glichkeit (pflanzenbasierter Wirkstoff) ist Soventol\u00ae PROTECT bereits f\u00fcr Kinder ab 1 Jahr geeignet.<\/p>\n","protected":false},"excerpt":{"rendered":"<p>Zecken k\u00f6nnen gef\u00e4hrliche Krankheiten \u00fcbertragen. Umso wichtiger ist ein zuverl\u00e4ssiger und langanhaltender Schutz gegen\u00fcber den Parasiten. Genau hier leistet Soventol\u00ae PROTECT zur Zeckenabwehr effektive Unterst\u00fctzung: Das Intensiv-Schutzspray aus der Apotheke h\u00e4lt Zecken bis zu 6 Stunden lang fern. Da es zudem wasserbest\u00e4ndig und schwitzfest ist, eignet sich Soventol\u00ae PROTECT auch ideal f\u00fcr Sportler und aktive [&hellip;]<\/p>\n","protected":false},"featured_media":19544,"template":"","meta":{"_acf_changed":false},"product_brand":[],"product_cat":[791],"product_tag":[],"class_list":{"0":"post-19542","1":"product","2":"type-product","3":"status-publish","4":"has-post-thumbnail","6":"product_cat-s","7":"pa_packungsgroesse-100ml","9":"first","10":"instock","11":"shipping-taxable","12":"purchasable","13":"product-type-simple"},"acf":[],"_links":{"self":[{"href":"https:\/\/www.ernstbrunn-apotheke.at\/katalog\/wp-json\/wp\/v2\/product\/19542","targetHints":{"allow":["GET"]}}],"collection":[{"href":"https:\/\/www.ernstbrunn-apotheke.at\/katalog\/wp-json\/wp\/v2\/product"}],"about":[{"href":"https:\/\/www.ernstbrunn-apotheke.at\/katalog\/wp-json\/wp\/v2\/types\/product"}],"wp:featuredmedia":[{"embeddable":true,"href":"https:\/\/www.ernstbrunn-apotheke.at\/katalog\/wp-json\/wp\/v2\/media\/19544"}],"wp:attachment":[{"href":"https:\/\/www.ernstbrunn-apotheke.at\/katalog\/wp-json\/wp\/v2\/media?parent=19542"}],"wp:term":[{"taxonomy":"product_brand","embeddable":true,"href":"https:\/\/www.ernstbrunn-apotheke.at\/katalog\/wp-json\/wp\/v2\/product_brand?post=19542"},{"taxonomy":"product_cat","embeddable":true,"href":"https:\/\/www.ernstbrunn-apotheke.at\/katalog\/wp-json\/wp\/v2\/product_cat?post=19542"},{"taxonomy":"product_tag","embeddable":true,"href":"https:\/\/www.ernstbrunn-apotheke.at\/katalog\/wp-json\/wp\/v2\/product_tag?post=19542"}],"curies":[{"name":"wp","href":"https:\/\/api.w.org\/{rel}","templated":true}]}}