{"id":19539,"date":"2025-11-07T21:45:19","date_gmt":"2025-11-07T20:45:19","guid":{"rendered":"https:\/\/www.ernstbrunn-apotheke.at\/katalog\/produkt\/culex-gel-kraeutergel-30-ml\/"},"modified":"2025-12-08T14:15:59","modified_gmt":"2025-12-08T13:15:59","slug":"culex-gel-kraeutergel-30-ml","status":"publish","type":"product","link":"https:\/\/www.ernstbrunn-apotheke.at\/katalog\/produkt\/culex-gel-kraeutergel-30-ml\/","title":{"rendered":"Culex Gel Kr\u00e4utergel 30 ml"},"content":{"rendered":"<p>Culex Gel Kr\u00e4utergel mit Wirkstoffen auf nat\u00fcrlicher Basis dient zum Auftragen auf die Haut. Das wirksame Kr\u00e4utergel ist besonders nach Stichen oder Bissen von Insekten, Ameisen oder Quallen sehr zu empfehlen.<\/p>\n","protected":false},"excerpt":{"rendered":"<p>Culex Gel Kr\u00e4utergel mit Wirkstoffen auf nat\u00fcrlicher Basis dient zum Auftragen auf die Haut. Das wirksame Kr\u00e4utergel ist besonders nach Stichen oder Bissen von Insekten, Ameisen oder Quallen sehr zu empfehlen.<\/p>\n","protected":false},"featured_media":19541,"template":"","meta":{"_acf_changed":false},"product_brand":[],"product_cat":[812],"product_tag":[],"class_list":{"0":"post-19539","1":"product","2":"type-product","3":"status-publish","4":"has-post-thumbnail","6":"product_cat-c","7":"pa_packungsgroesse-30ml","9":"first","10":"instock","11":"shipping-taxable","12":"purchasable","13":"product-type-simple"},"acf":[],"_links":{"self":[{"href":"https:\/\/www.ernstbrunn-apotheke.at\/katalog\/wp-json\/wp\/v2\/product\/19539","targetHints":{"allow":["GET"]}}],"collection":[{"href":"https:\/\/www.ernstbrunn-apotheke.at\/katalog\/wp-json\/wp\/v2\/product"}],"about":[{"href":"https:\/\/www.ernstbrunn-apotheke.at\/katalog\/wp-json\/wp\/v2\/types\/product"}],"wp:featuredmedia":[{"embeddable":true,"href":"https:\/\/www.ernstbrunn-apotheke.at\/katalog\/wp-json\/wp\/v2\/media\/19541"}],"wp:attachment":[{"href":"https:\/\/www.ernstbrunn-apotheke.at\/katalog\/wp-json\/wp\/v2\/media?parent=19539"}],"wp:term":[{"taxonomy":"product_brand","embeddable":true,"href":"https:\/\/www.ernstbrunn-apotheke.at\/katalog\/wp-json\/wp\/v2\/product_brand?post=19539"},{"taxonomy":"product_cat","embeddable":true,"href":"https:\/\/www.ernstbrunn-apotheke.at\/katalog\/wp-json\/wp\/v2\/product_cat?post=19539"},{"taxonomy":"product_tag","embeddable":true,"href":"https:\/\/www.ernstbrunn-apotheke.at\/katalog\/wp-json\/wp\/v2\/product_tag?post=19539"}],"curies":[{"name":"wp","href":"https:\/\/api.w.org\/{rel}","templated":true}]}}