{"id":19536,"date":"2025-11-07T21:45:19","date_gmt":"2025-11-07T20:45:19","guid":{"rendered":"https:\/\/www.ernstbrunn-apotheke.at\/katalog\/produkt\/helpic-anti-wespen-spray\/"},"modified":"2025-12-08T14:15:58","modified_gmt":"2025-12-08T13:15:58","slug":"helpic-anti-wespen-spray","status":"publish","type":"product","link":"https:\/\/www.ernstbrunn-apotheke.at\/katalog\/produkt\/helpic-anti-wespen-spray\/","title":{"rendered":"HELPIC Anti Wespen Spray"},"content":{"rendered":"<p>Helpic Anti Wespen Spray zum Schutz vor Bel\u00e4stigungen durch Wespen sch\u00fctzt zuverl\u00e4ssig bis zu 6 Stunden. Der Spray kann sowohl in Innenr\u00e4umen als auch bei allen Aufenthalten im Freien, vor Waldspazierg\u00e4ngen, Gartenarbeit, Wanderungen und beim Sport verwendet werden. Helpic Anti Wespen Spray ist auch f\u00fcr Kinder und Menschen mit sensibler Haut bestens geeignet. .<\/p>\n","protected":false},"excerpt":{"rendered":"<p>Helpic Anti Wespen Spray zum Schutz vor Bel\u00e4stigungen durch Wespen sch\u00fctzt zuverl\u00e4ssig bis zu 6 Stunden. Der Spray kann sowohl in Innenr\u00e4umen als auch bei allen Aufenthalten im Freien, vor Waldspazierg\u00e4ngen, Gartenarbeit, Wanderungen und beim Sport verwendet werden. Helpic Anti Wespen Spray ist auch f\u00fcr Kinder und Menschen mit sensibler Haut bestens geeignet. .<\/p>\n","protected":false},"featured_media":19538,"template":"","meta":{"_acf_changed":false},"product_brand":[652],"product_cat":[805],"product_tag":[],"class_list":{"0":"post-19536","1":"product","2":"type-product","3":"status-publish","4":"has-post-thumbnail","6":"product_brand-heplic","7":"product_cat-h","8":"pa_packungsgroesse-100ml","10":"first","11":"instock","12":"shipping-taxable","13":"purchasable","14":"product-type-simple"},"acf":[],"_links":{"self":[{"href":"https:\/\/www.ernstbrunn-apotheke.at\/katalog\/wp-json\/wp\/v2\/product\/19536","targetHints":{"allow":["GET"]}}],"collection":[{"href":"https:\/\/www.ernstbrunn-apotheke.at\/katalog\/wp-json\/wp\/v2\/product"}],"about":[{"href":"https:\/\/www.ernstbrunn-apotheke.at\/katalog\/wp-json\/wp\/v2\/types\/product"}],"wp:featuredmedia":[{"embeddable":true,"href":"https:\/\/www.ernstbrunn-apotheke.at\/katalog\/wp-json\/wp\/v2\/media\/19538"}],"wp:attachment":[{"href":"https:\/\/www.ernstbrunn-apotheke.at\/katalog\/wp-json\/wp\/v2\/media?parent=19536"}],"wp:term":[{"taxonomy":"product_brand","embeddable":true,"href":"https:\/\/www.ernstbrunn-apotheke.at\/katalog\/wp-json\/wp\/v2\/product_brand?post=19536"},{"taxonomy":"product_cat","embeddable":true,"href":"https:\/\/www.ernstbrunn-apotheke.at\/katalog\/wp-json\/wp\/v2\/product_cat?post=19536"},{"taxonomy":"product_tag","embeddable":true,"href":"https:\/\/www.ernstbrunn-apotheke.at\/katalog\/wp-json\/wp\/v2\/product_tag?post=19536"}],"curies":[{"name":"wp","href":"https:\/\/api.w.org\/{rel}","templated":true}]}}