{"id":19497,"date":"2025-11-07T21:45:19","date_gmt":"2025-11-07T20:45:19","guid":{"rendered":"https:\/\/www.ernstbrunn-apotheke.at\/katalog\/produkt\/insekten-schutz-para-clip-1-stk\/"},"modified":"2025-12-08T14:15:45","modified_gmt":"2025-12-08T13:15:45","slug":"insekten-schutz-para-clip-1-stk","status":"publish","type":"product","link":"https:\/\/www.ernstbrunn-apotheke.at\/katalog\/produkt\/insekten-schutz-para-clip-1-stk\/","title":{"rendered":"Insekten Schutz Para Clip 1 Stk."},"content":{"rendered":"<p>Insekten Schutz Para Clip kann an fast allem befestigt werden. Zum Beispiel an einen Kinderwagen oder Buggy geklemmt, h\u00e4lt er Plagegeister von den Kleinen fern und ist zugleich f\u00fcr die kleinen H\u00e4nde unerreichbar. Die Wirkstoffe der \u00d6le werden an die Luft um sie herum abgegeben und helfen, menschliche Ger\u00fcche zu \u00fcberdecken, die normalerweise M\u00fccken anlocken w\u00fcrden.<\/p>\n","protected":false},"excerpt":{"rendered":"<p>Insekten Schutz Para Clip kann an fast allem befestigt werden. Zum Beispiel an einen Kinderwagen oder Buggy geklemmt, h\u00e4lt er Plagegeister von den Kleinen fern und ist zugleich f\u00fcr die kleinen H\u00e4nde unerreichbar. Die Wirkstoffe der \u00d6le werden an die Luft um sie herum abgegeben und helfen, menschliche Ger\u00fcche zu \u00fcberdecken, die normalerweise M\u00fccken anlocken [&hellip;]<\/p>\n","protected":false},"featured_media":0,"template":"","meta":{"_acf_changed":false},"product_brand":[665],"product_cat":[823],"product_tag":[],"class_list":{"0":"post-19497","1":"product","2":"type-product","3":"status-publish","5":"product_brand-parakito","6":"product_cat-i","7":"pa_packungsgroesse-1-stueck","9":"first","10":"instock","11":"shipping-taxable","12":"purchasable","13":"product-type-simple"},"acf":[],"_links":{"self":[{"href":"https:\/\/www.ernstbrunn-apotheke.at\/katalog\/wp-json\/wp\/v2\/product\/19497","targetHints":{"allow":["GET"]}}],"collection":[{"href":"https:\/\/www.ernstbrunn-apotheke.at\/katalog\/wp-json\/wp\/v2\/product"}],"about":[{"href":"https:\/\/www.ernstbrunn-apotheke.at\/katalog\/wp-json\/wp\/v2\/types\/product"}],"wp:attachment":[{"href":"https:\/\/www.ernstbrunn-apotheke.at\/katalog\/wp-json\/wp\/v2\/media?parent=19497"}],"wp:term":[{"taxonomy":"product_brand","embeddable":true,"href":"https:\/\/www.ernstbrunn-apotheke.at\/katalog\/wp-json\/wp\/v2\/product_brand?post=19497"},{"taxonomy":"product_cat","embeddable":true,"href":"https:\/\/www.ernstbrunn-apotheke.at\/katalog\/wp-json\/wp\/v2\/product_cat?post=19497"},{"taxonomy":"product_tag","embeddable":true,"href":"https:\/\/www.ernstbrunn-apotheke.at\/katalog\/wp-json\/wp\/v2\/product_tag?post=19497"}],"curies":[{"name":"wp","href":"https:\/\/api.w.org\/{rel}","templated":true}]}}