{"id":19467,"date":"2025-11-07T21:45:19","date_gmt":"2025-11-07T20:45:19","guid":{"rendered":"https:\/\/www.ernstbrunn-apotheke.at\/katalog\/produkt\/wekomed-wespenfrei-50-ml\/"},"modified":"2025-12-08T14:15:39","modified_gmt":"2025-12-08T13:15:39","slug":"wekomed-wespenfrei-50-ml","status":"publish","type":"product","link":"https:\/\/www.ernstbrunn-apotheke.at\/katalog\/produkt\/wekomed-wespenfrei-50-ml\/","title":{"rendered":"Wekomed Wespenfrei 50 ml"},"content":{"rendered":"<p>Wekomed Wespenfrei vertreibt Wespen mit nat\u00fcrlichen \u00e4therischen \u00d6len im Wohnbereich und im Freien. Einfach Deckel aufschrauben, Schutzfolie entfernen, den Docht herausziehen und z.B. im Wohnbereich, auf der Terrasse, im Wohnwagen oder Zelt positionieren.<\/p>\n","protected":false},"excerpt":{"rendered":"<p>Wekomed Wespenfrei vertreibt Wespen mit nat\u00fcrlichen \u00e4therischen \u00d6len im Wohnbereich und im Freien. Einfach Deckel aufschrauben, Schutzfolie entfernen, den Docht herausziehen und z.B. im Wohnbereich, auf der Terrasse, im Wohnwagen oder Zelt positionieren.<\/p>\n","protected":false},"featured_media":19469,"template":"","meta":{"_acf_changed":false},"product_brand":[],"product_cat":[796],"product_tag":[],"class_list":{"0":"post-19467","1":"product","2":"type-product","3":"status-publish","4":"has-post-thumbnail","6":"product_cat-w","7":"pa_packungsgroesse-50ml","9":"first","10":"instock","11":"shipping-taxable","12":"purchasable","13":"product-type-simple"},"acf":[],"_links":{"self":[{"href":"https:\/\/www.ernstbrunn-apotheke.at\/katalog\/wp-json\/wp\/v2\/product\/19467","targetHints":{"allow":["GET"]}}],"collection":[{"href":"https:\/\/www.ernstbrunn-apotheke.at\/katalog\/wp-json\/wp\/v2\/product"}],"about":[{"href":"https:\/\/www.ernstbrunn-apotheke.at\/katalog\/wp-json\/wp\/v2\/types\/product"}],"wp:featuredmedia":[{"embeddable":true,"href":"https:\/\/www.ernstbrunn-apotheke.at\/katalog\/wp-json\/wp\/v2\/media\/19469"}],"wp:attachment":[{"href":"https:\/\/www.ernstbrunn-apotheke.at\/katalog\/wp-json\/wp\/v2\/media?parent=19467"}],"wp:term":[{"taxonomy":"product_brand","embeddable":true,"href":"https:\/\/www.ernstbrunn-apotheke.at\/katalog\/wp-json\/wp\/v2\/product_brand?post=19467"},{"taxonomy":"product_cat","embeddable":true,"href":"https:\/\/www.ernstbrunn-apotheke.at\/katalog\/wp-json\/wp\/v2\/product_cat?post=19467"},{"taxonomy":"product_tag","embeddable":true,"href":"https:\/\/www.ernstbrunn-apotheke.at\/katalog\/wp-json\/wp\/v2\/product_tag?post=19467"}],"curies":[{"name":"wp","href":"https:\/\/api.w.org\/{rel}","templated":true}]}}