{"id":19347,"date":"2025-11-07T21:44:26","date_gmt":"2025-11-07T20:44:26","guid":{"rendered":"https:\/\/www.ernstbrunn-apotheke.at\/katalog\/produkt\/parakito-insektenschutz-armband-1-stk\/"},"modified":"2025-12-08T14:15:08","modified_gmt":"2025-12-08T13:15:08","slug":"parakito-insektenschutz-armband-1-stk","status":"publish","type":"product","link":"https:\/\/www.ernstbrunn-apotheke.at\/katalog\/produkt\/parakito-insektenschutz-armband-1-stk\/","title":{"rendered":"Para&#8217;Kito Insektenschutz Armband 1 Stk."},"content":{"rendered":"<p>Diese modernen, stylischen und praktischen Para Kito Insektenschutz Armb\u00e4nder verbinden Sicherheit und Stil. Egal, was Sie tun und wohin Sie auch gehen, bewahren Sie einfach das Para Kito Insektenschutz Armband in Ihrer N\u00e4he auf und sind Sie Tag und Nacht gesch\u00fctzt. Egal, ob bei einem Waldspaziergang oder beim Sonnenbaden, Sie und Ihr Band werden bald allerbeste Freunde. Und wenn Sie sich nicht trennen m\u00f6chten, legen Sie es nachts neben Ihr Bett, um einen erholsamen Schlaf ohne M\u00fcckensummen zu genie\u00dfen.Gr\u00f6\u00dfe: Umfang: 175-215 mm verstellbar \/\/ L\u00e4nge: 260 mm \/\/ Breite: 30 mm \/\/ Dicke: 4 mm \/\/ Gewicht: 15 g Dieses Armband gibt es in verschiedenen Ausf\u00fchrungen: Black, White, Red, Sky Blue, Pink, Yellow, Hawaii, Jungle, Zebra, Dark Explorer, Summertime, FlowerySie erhalten je nach Verf\u00fcgbarkeit eine Ausf\u00fchrung. Bei eigenen W\u00fcnschen bitten wir Sie um telefonischen Kontakt..<\/p>\n","protected":false},"excerpt":{"rendered":"<p>Diese modernen, stylischen und praktischen Para Kito Insektenschutz Armb\u00e4nder verbinden Sicherheit und Stil. Egal, was Sie tun und wohin Sie auch gehen, bewahren Sie einfach das Para Kito Insektenschutz Armband in Ihrer N\u00e4he auf und sind Sie Tag und Nacht gesch\u00fctzt. Egal, ob bei einem Waldspaziergang oder beim Sonnenbaden, Sie und Ihr Band werden bald [&hellip;]<\/p>\n","protected":false},"featured_media":19349,"template":"","meta":{"_acf_changed":false},"product_brand":[665],"product_cat":[793],"product_tag":[],"class_list":{"0":"post-19347","1":"product","2":"type-product","3":"status-publish","4":"has-post-thumbnail","6":"product_brand-parakito","7":"product_cat-p","8":"pa_packungsgroesse-1-stueck","10":"first","11":"instock","12":"shipping-taxable","13":"purchasable","14":"product-type-simple"},"acf":[],"_links":{"self":[{"href":"https:\/\/www.ernstbrunn-apotheke.at\/katalog\/wp-json\/wp\/v2\/product\/19347","targetHints":{"allow":["GET"]}}],"collection":[{"href":"https:\/\/www.ernstbrunn-apotheke.at\/katalog\/wp-json\/wp\/v2\/product"}],"about":[{"href":"https:\/\/www.ernstbrunn-apotheke.at\/katalog\/wp-json\/wp\/v2\/types\/product"}],"wp:featuredmedia":[{"embeddable":true,"href":"https:\/\/www.ernstbrunn-apotheke.at\/katalog\/wp-json\/wp\/v2\/media\/19349"}],"wp:attachment":[{"href":"https:\/\/www.ernstbrunn-apotheke.at\/katalog\/wp-json\/wp\/v2\/media?parent=19347"}],"wp:term":[{"taxonomy":"product_brand","embeddable":true,"href":"https:\/\/www.ernstbrunn-apotheke.at\/katalog\/wp-json\/wp\/v2\/product_brand?post=19347"},{"taxonomy":"product_cat","embeddable":true,"href":"https:\/\/www.ernstbrunn-apotheke.at\/katalog\/wp-json\/wp\/v2\/product_cat?post=19347"},{"taxonomy":"product_tag","embeddable":true,"href":"https:\/\/www.ernstbrunn-apotheke.at\/katalog\/wp-json\/wp\/v2\/product_tag?post=19347"}],"curies":[{"name":"wp","href":"https:\/\/api.w.org\/{rel}","templated":true}]}}