{"id":19315,"date":"2025-11-07T21:44:26","date_gmt":"2025-11-07T20:44:26","guid":{"rendered":"https:\/\/www.ernstbrunn-apotheke.at\/katalog\/produkt\/nobite-hautspray-100-ml\/"},"modified":"2025-12-08T14:15:01","modified_gmt":"2025-12-08T13:15:01","slug":"nobite-hautspray-100-ml","status":"publish","type":"product","link":"https:\/\/www.ernstbrunn-apotheke.at\/katalog\/produkt\/nobite-hautspray-100-ml\/","title":{"rendered":"NOBITE Hautspray 100 ml"},"content":{"rendered":"<p>NOBITE Hautspray ist ein hochwirksames Insektenschutzmittel. Der Spray sch\u00fctzt die behandelten Hautpartien f\u00fcr mehrere Stunden vor Moskitos und au\u00dferdem vor Zecken.<\/p>\n","protected":false},"excerpt":{"rendered":"<p>NOBITE Hautspray ist ein hochwirksames Insektenschutzmittel. Der Spray sch\u00fctzt die behandelten Hautpartien f\u00fcr mehrere Stunden vor Moskitos und au\u00dferdem vor Zecken.<\/p>\n","protected":false},"featured_media":19317,"template":"","meta":{"_acf_changed":false},"product_brand":[],"product_cat":[797],"product_tag":[],"class_list":{"0":"post-19315","1":"product","2":"type-product","3":"status-publish","4":"has-post-thumbnail","6":"product_cat-n","7":"pa_packungsgroesse-100ml","9":"first","10":"instock","11":"shipping-taxable","12":"purchasable","13":"product-type-simple"},"acf":[],"_links":{"self":[{"href":"https:\/\/www.ernstbrunn-apotheke.at\/katalog\/wp-json\/wp\/v2\/product\/19315","targetHints":{"allow":["GET"]}}],"collection":[{"href":"https:\/\/www.ernstbrunn-apotheke.at\/katalog\/wp-json\/wp\/v2\/product"}],"about":[{"href":"https:\/\/www.ernstbrunn-apotheke.at\/katalog\/wp-json\/wp\/v2\/types\/product"}],"wp:featuredmedia":[{"embeddable":true,"href":"https:\/\/www.ernstbrunn-apotheke.at\/katalog\/wp-json\/wp\/v2\/media\/19317"}],"wp:attachment":[{"href":"https:\/\/www.ernstbrunn-apotheke.at\/katalog\/wp-json\/wp\/v2\/media?parent=19315"}],"wp:term":[{"taxonomy":"product_brand","embeddable":true,"href":"https:\/\/www.ernstbrunn-apotheke.at\/katalog\/wp-json\/wp\/v2\/product_brand?post=19315"},{"taxonomy":"product_cat","embeddable":true,"href":"https:\/\/www.ernstbrunn-apotheke.at\/katalog\/wp-json\/wp\/v2\/product_cat?post=19315"},{"taxonomy":"product_tag","embeddable":true,"href":"https:\/\/www.ernstbrunn-apotheke.at\/katalog\/wp-json\/wp\/v2\/product_tag?post=19315"}],"curies":[{"name":"wp","href":"https:\/\/api.w.org\/{rel}","templated":true}]}}