{"id":19116,"date":"2025-11-07T21:42:12","date_gmt":"2025-11-07T20:42:12","guid":{"rendered":"https:\/\/www.ernstbrunn-apotheke.at\/katalog\/produkt\/dermatix-ultra-silikon-gel-60-g\/"},"modified":"2025-12-08T14:14:00","modified_gmt":"2025-12-08T13:14:00","slug":"dermatix-ultra-silikon-gel-60-g","status":"publish","type":"product","link":"https:\/\/www.ernstbrunn-apotheke.at\/katalog\/produkt\/dermatix-ultra-silikon-gel-60-g\/","title":{"rendered":"Dermatix Ultra Silikon-Gel 60 g"},"content":{"rendered":"<p>Dermatix ist ein transparentes Silikon-Gel. Durch seine Transparenz eignet sich Dermatix besonders gut auch f\u00fcr die Therapie an sichtbaren K\u00f6rperstellen wie Gesicht, Hals und D\u00e9collet\u00e9. Die Gel-Form erm\u00f6glicht die unkomplizierte Anwendung auch an schwierigen K\u00f6rperstellen (Schulter, R\u00fccken, Gelenke). Die Dehnungsf\u00e4higkeit des Gels ist mit der von menschlicher Haut vergleichbar und passt sich damit problemlos Gesichtsmimik und K\u00f6rperbewegungen an.<\/p>\n","protected":false},"excerpt":{"rendered":"<p>Dermatix ist ein transparentes Silikon-Gel. Durch seine Transparenz eignet sich Dermatix besonders gut auch f\u00fcr die Therapie an sichtbaren K\u00f6rperstellen wie Gesicht, Hals und D\u00e9collet\u00e9. Die Gel-Form erm\u00f6glicht die unkomplizierte Anwendung auch an schwierigen K\u00f6rperstellen (Schulter, R\u00fccken, Gelenke). Die Dehnungsf\u00e4higkeit des Gels ist mit der von menschlicher Haut vergleichbar und passt sich damit problemlos Gesichtsmimik [&hellip;]<\/p>\n","protected":false},"featured_media":19118,"template":"","meta":{"_acf_changed":false},"product_brand":[],"product_cat":[792],"product_tag":[],"class_list":{"0":"post-19116","1":"product","2":"type-product","3":"status-publish","4":"has-post-thumbnail","6":"product_cat-d","7":"pa_packungsgroesse-60g","9":"first","10":"instock","11":"shipping-taxable","12":"purchasable","13":"product-type-simple"},"acf":[],"_links":{"self":[{"href":"https:\/\/www.ernstbrunn-apotheke.at\/katalog\/wp-json\/wp\/v2\/product\/19116","targetHints":{"allow":["GET"]}}],"collection":[{"href":"https:\/\/www.ernstbrunn-apotheke.at\/katalog\/wp-json\/wp\/v2\/product"}],"about":[{"href":"https:\/\/www.ernstbrunn-apotheke.at\/katalog\/wp-json\/wp\/v2\/types\/product"}],"wp:featuredmedia":[{"embeddable":true,"href":"https:\/\/www.ernstbrunn-apotheke.at\/katalog\/wp-json\/wp\/v2\/media\/19118"}],"wp:attachment":[{"href":"https:\/\/www.ernstbrunn-apotheke.at\/katalog\/wp-json\/wp\/v2\/media?parent=19116"}],"wp:term":[{"taxonomy":"product_brand","embeddable":true,"href":"https:\/\/www.ernstbrunn-apotheke.at\/katalog\/wp-json\/wp\/v2\/product_brand?post=19116"},{"taxonomy":"product_cat","embeddable":true,"href":"https:\/\/www.ernstbrunn-apotheke.at\/katalog\/wp-json\/wp\/v2\/product_cat?post=19116"},{"taxonomy":"product_tag","embeddable":true,"href":"https:\/\/www.ernstbrunn-apotheke.at\/katalog\/wp-json\/wp\/v2\/product_tag?post=19116"}],"curies":[{"name":"wp","href":"https:\/\/api.w.org\/{rel}","templated":true}]}}