{"id":19087,"date":"2025-11-07T21:42:12","date_gmt":"2025-11-07T20:42:12","guid":{"rendered":"https:\/\/www.ernstbrunn-apotheke.at\/katalog\/produkt\/helfe-rosmarin-lavendelbad\/"},"modified":"2025-12-08T14:13:54","modified_gmt":"2025-12-08T13:13:54","slug":"helfe-rosmarin-lavendelbad","status":"publish","type":"product","link":"https:\/\/www.ernstbrunn-apotheke.at\/katalog\/produkt\/helfe-rosmarin-lavendelbad\/","title":{"rendered":"Helfe Rosmarin Lavendelbad"},"content":{"rendered":"<p>Das HELFE Rosmarin-Lavendelbad ist die ideale Kombination aus den belebenden, revitalisierenden Wirkstoffen des Rosmarins und den anregenden Aromen des Lavendels. Lavendel\u00f6l ist zudem bekannt f\u00fcr seine regenerierende Wirkung. F\u00fcr einen energielosen K\u00f6rper und Geist wirkt das HELFE Rosmarin-Lavendelbad belebend und erfrischend.<\/p>\n<p>&#13;<\/p>\n<p><strong>Wirkung:<\/strong><\/p>\n<p>&#13;<\/p>\n<ul>&#13;<\/p>\n<li>Hautpflege<\/li>\n<p>&#13;<\/p>\n<li>Nat\u00fcrlich R\u00fcckfettend<\/li>\n<p>&#13;<\/p>\n<li>Revitalisierend<\/li>\n<p>&#13;\n<\/ul>\n","protected":false},"excerpt":{"rendered":"<p>Das HELFE Rosmarin-Lavendelbad ist die ideale Kombination aus den belebenden, revitalisierenden Wirkstoffen des Rosmarins und den anregenden Aromen des Lavendels. Lavendel\u00f6l ist zudem bekannt f\u00fcr seine regenerierende Wirkung. F\u00fcr einen energielosen K\u00f6rper und Geist wirkt das HELFE Rosmarin-Lavendelbad belebend und erfrischend. &#13; Wirkung: &#13; &#13; Hautpflege &#13; Nat\u00fcrlich R\u00fcckfettend &#13; Revitalisierend &#13;<\/p>\n","protected":false},"featured_media":19089,"template":"","meta":{"_acf_changed":false},"product_brand":[655],"product_cat":[805],"product_tag":[],"class_list":{"0":"post-19087","1":"product","2":"type-product","3":"status-publish","4":"has-post-thumbnail","6":"product_brand-helfe","7":"product_cat-h","8":"pa_packungsgroesse-200ml","10":"first","11":"instock","12":"shipping-taxable","13":"purchasable","14":"product-type-simple"},"acf":[],"_links":{"self":[{"href":"https:\/\/www.ernstbrunn-apotheke.at\/katalog\/wp-json\/wp\/v2\/product\/19087","targetHints":{"allow":["GET"]}}],"collection":[{"href":"https:\/\/www.ernstbrunn-apotheke.at\/katalog\/wp-json\/wp\/v2\/product"}],"about":[{"href":"https:\/\/www.ernstbrunn-apotheke.at\/katalog\/wp-json\/wp\/v2\/types\/product"}],"wp:featuredmedia":[{"embeddable":true,"href":"https:\/\/www.ernstbrunn-apotheke.at\/katalog\/wp-json\/wp\/v2\/media\/19089"}],"wp:attachment":[{"href":"https:\/\/www.ernstbrunn-apotheke.at\/katalog\/wp-json\/wp\/v2\/media?parent=19087"}],"wp:term":[{"taxonomy":"product_brand","embeddable":true,"href":"https:\/\/www.ernstbrunn-apotheke.at\/katalog\/wp-json\/wp\/v2\/product_brand?post=19087"},{"taxonomy":"product_cat","embeddable":true,"href":"https:\/\/www.ernstbrunn-apotheke.at\/katalog\/wp-json\/wp\/v2\/product_cat?post=19087"},{"taxonomy":"product_tag","embeddable":true,"href":"https:\/\/www.ernstbrunn-apotheke.at\/katalog\/wp-json\/wp\/v2\/product_tag?post=19087"}],"curies":[{"name":"wp","href":"https:\/\/api.w.org\/{rel}","templated":true}]}}