{"id":19055,"date":"2025-11-07T21:42:12","date_gmt":"2025-11-07T20:42:12","guid":{"rendered":"https:\/\/www.ernstbrunn-apotheke.at\/katalog\/produkt\/melasan-nachtkerzen-oel-100-ml\/"},"modified":"2025-12-08T14:13:49","modified_gmt":"2025-12-08T13:13:49","slug":"melasan-nachtkerzen-oel-100-ml","status":"publish","type":"product","link":"https:\/\/www.ernstbrunn-apotheke.at\/katalog\/produkt\/melasan-nachtkerzen-oel-100-ml\/","title":{"rendered":"Melasan Nachtkerzen \u00d6l 100 ml"},"content":{"rendered":"<p>Melasan Nachtkerzen \u00d6l 100 ml kann sowohl \u00e4u\u00dferlich, pur oder als Salbe, als auch innerlich als Nahrungserg\u00e4nzungsmittel oder in der K\u00fcche eingesetzt werden. Das \u00d6l der Nachtkerze ist sehr reich an mehrfach unges\u00e4ttigten Fetts\u00e4uren. Diese Fetts\u00e4uren sind essentiell und k\u00f6nnen vom K\u00f6rper nicht selbst hergestellt werden.<\/p>\n","protected":false},"excerpt":{"rendered":"<p>Melasan Nachtkerzen \u00d6l 100 ml kann sowohl \u00e4u\u00dferlich, pur oder als Salbe, als auch innerlich als Nahrungserg\u00e4nzungsmittel oder in der K\u00fcche eingesetzt werden. Das \u00d6l der Nachtkerze ist sehr reich an mehrfach unges\u00e4ttigten Fetts\u00e4uren. Diese Fetts\u00e4uren sind essentiell und k\u00f6nnen vom K\u00f6rper nicht selbst hergestellt werden.<\/p>\n","protected":false},"featured_media":19057,"template":"","meta":{"_acf_changed":false},"product_brand":[373],"product_cat":[800],"product_tag":[],"class_list":{"0":"post-19055","1":"product","2":"type-product","3":"status-publish","4":"has-post-thumbnail","6":"product_brand-melasan","7":"product_cat-m","8":"pa_packungsgroesse-100ml","10":"first","11":"instock","12":"shipping-taxable","13":"purchasable","14":"product-type-simple"},"acf":[],"_links":{"self":[{"href":"https:\/\/www.ernstbrunn-apotheke.at\/katalog\/wp-json\/wp\/v2\/product\/19055","targetHints":{"allow":["GET"]}}],"collection":[{"href":"https:\/\/www.ernstbrunn-apotheke.at\/katalog\/wp-json\/wp\/v2\/product"}],"about":[{"href":"https:\/\/www.ernstbrunn-apotheke.at\/katalog\/wp-json\/wp\/v2\/types\/product"}],"wp:featuredmedia":[{"embeddable":true,"href":"https:\/\/www.ernstbrunn-apotheke.at\/katalog\/wp-json\/wp\/v2\/media\/19057"}],"wp:attachment":[{"href":"https:\/\/www.ernstbrunn-apotheke.at\/katalog\/wp-json\/wp\/v2\/media?parent=19055"}],"wp:term":[{"taxonomy":"product_brand","embeddable":true,"href":"https:\/\/www.ernstbrunn-apotheke.at\/katalog\/wp-json\/wp\/v2\/product_brand?post=19055"},{"taxonomy":"product_cat","embeddable":true,"href":"https:\/\/www.ernstbrunn-apotheke.at\/katalog\/wp-json\/wp\/v2\/product_cat?post=19055"},{"taxonomy":"product_tag","embeddable":true,"href":"https:\/\/www.ernstbrunn-apotheke.at\/katalog\/wp-json\/wp\/v2\/product_tag?post=19055"}],"curies":[{"name":"wp","href":"https:\/\/api.w.org\/{rel}","templated":true}]}}