{"id":19033,"date":"2025-11-07T21:42:12","date_gmt":"2025-11-07T20:42:12","guid":{"rendered":"https:\/\/www.ernstbrunn-apotheke.at\/katalog\/produkt\/vulsana-balsam-tb-30-ml\/"},"modified":"2025-12-08T14:13:40","modified_gmt":"2025-12-08T13:13:40","slug":"vulsana-balsam-tb-30-ml","status":"publish","type":"product","link":"https:\/\/www.ernstbrunn-apotheke.at\/katalog\/produkt\/vulsana-balsam-tb-30-ml\/","title":{"rendered":"Vulsana Balsam TB 30 ml"},"content":{"rendered":"<p>Sorbion Austria ist im Bereich der Wundversorgung t\u00e4tig. Es wurde 2002 gegrndet und das Produktsortiment erstreckt sich von der Wundbehandlung \u00fcber die Geweberekonstruktion bis hin zu speziellen MedihoneyTM Produkten. Die Artikel sind hochinnovative und leistungsf\u00e4hige Produkte, die im h\u00f6chsten Ma\u00e1 der menschlichen Gesundheit und der damit verbundenen Lebensqualit\u00e4t dienen.f\u00fcr den Wohlfhlfaktor des Patienten, werden Kissen, Matratzen, Positionierungs- und Rehasysteme angeboten.<\/p>\n","protected":false},"excerpt":{"rendered":"<p>Sorbion Austria ist im Bereich der Wundversorgung t\u00e4tig. Es wurde 2002 gegrndet und das Produktsortiment erstreckt sich von der Wundbehandlung \u00fcber die Geweberekonstruktion bis hin zu speziellen MedihoneyTM Produkten. Die Artikel sind hochinnovative und leistungsf\u00e4hige Produkte, die im h\u00f6chsten Ma\u00e1 der menschlichen Gesundheit und der damit verbundenen Lebensqualit\u00e4t dienen.f\u00fcr den Wohlfhlfaktor des Patienten, werden Kissen, [&hellip;]<\/p>\n","protected":false},"featured_media":19035,"template":"","meta":{"_acf_changed":false},"product_brand":[],"product_cat":[799],"product_tag":[],"class_list":{"0":"post-19033","1":"product","2":"type-product","3":"status-publish","4":"has-post-thumbnail","6":"product_cat-v","7":"pa_packungsgroesse-30ml","9":"first","10":"instock","11":"shipping-taxable","12":"purchasable","13":"product-type-simple"},"acf":[],"_links":{"self":[{"href":"https:\/\/www.ernstbrunn-apotheke.at\/katalog\/wp-json\/wp\/v2\/product\/19033","targetHints":{"allow":["GET"]}}],"collection":[{"href":"https:\/\/www.ernstbrunn-apotheke.at\/katalog\/wp-json\/wp\/v2\/product"}],"about":[{"href":"https:\/\/www.ernstbrunn-apotheke.at\/katalog\/wp-json\/wp\/v2\/types\/product"}],"wp:featuredmedia":[{"embeddable":true,"href":"https:\/\/www.ernstbrunn-apotheke.at\/katalog\/wp-json\/wp\/v2\/media\/19035"}],"wp:attachment":[{"href":"https:\/\/www.ernstbrunn-apotheke.at\/katalog\/wp-json\/wp\/v2\/media?parent=19033"}],"wp:term":[{"taxonomy":"product_brand","embeddable":true,"href":"https:\/\/www.ernstbrunn-apotheke.at\/katalog\/wp-json\/wp\/v2\/product_brand?post=19033"},{"taxonomy":"product_cat","embeddable":true,"href":"https:\/\/www.ernstbrunn-apotheke.at\/katalog\/wp-json\/wp\/v2\/product_cat?post=19033"},{"taxonomy":"product_tag","embeddable":true,"href":"https:\/\/www.ernstbrunn-apotheke.at\/katalog\/wp-json\/wp\/v2\/product_tag?post=19033"}],"curies":[{"name":"wp","href":"https:\/\/api.w.org\/{rel}","templated":true}]}}