{"id":19004,"date":"2025-11-07T21:42:12","date_gmt":"2025-11-07T20:42:12","guid":{"rendered":"https:\/\/www.ernstbrunn-apotheke.at\/katalog\/produkt\/helfe-thymian-extrakt-200-ml\/"},"modified":"2025-12-08T14:13:35","modified_gmt":"2025-12-08T13:13:35","slug":"helfe-thymian-extrakt-200-ml","status":"publish","type":"product","link":"https:\/\/www.ernstbrunn-apotheke.at\/katalog\/produkt\/helfe-thymian-extrakt-200-ml\/","title":{"rendered":"HELFE Thymian Extrakt 200 ml"},"content":{"rendered":"<p>Der HELFE Thymianextrakt wird durch schonende Extraktionsmethoden hergestellt, damit sich die Wirkung der \u00e4therischen \u00d6le im Bad maximal entfalten kann. Diese werden durch die Atemwege und \u00fcber die Haut aufgenommen und unterst\u00fctzen den K\u00f6rper bei der Genesung.<\/p>\n<p>&#13;<\/p>\n<p><strong>Wirkung:<\/strong><\/p>\n<p>&#13;<\/p>\n<ul>&#13;<\/p>\n<li>Befreiend f\u00fcr Atemwege,<\/li>\n<p>&#13;<\/p>\n<li>Erfrischend<\/li>\n<p>&#13;\n<\/ul>\n","protected":false},"excerpt":{"rendered":"<p>Der HELFE Thymianextrakt wird durch schonende Extraktionsmethoden hergestellt, damit sich die Wirkung der \u00e4therischen \u00d6le im Bad maximal entfalten kann. Diese werden durch die Atemwege und \u00fcber die Haut aufgenommen und unterst\u00fctzen den K\u00f6rper bei der Genesung. &#13; Wirkung: &#13; &#13; Befreiend f\u00fcr Atemwege, &#13; Erfrischend &#13;<\/p>\n","protected":false},"featured_media":19006,"template":"","meta":{"_acf_changed":false},"product_brand":[655],"product_cat":[805],"product_tag":[],"class_list":{"0":"post-19004","1":"product","2":"type-product","3":"status-publish","4":"has-post-thumbnail","6":"product_brand-helfe","7":"product_cat-h","8":"pa_packungsgroesse-200ml","10":"first","11":"instock","12":"shipping-taxable","13":"purchasable","14":"product-type-simple"},"acf":[],"_links":{"self":[{"href":"https:\/\/www.ernstbrunn-apotheke.at\/katalog\/wp-json\/wp\/v2\/product\/19004","targetHints":{"allow":["GET"]}}],"collection":[{"href":"https:\/\/www.ernstbrunn-apotheke.at\/katalog\/wp-json\/wp\/v2\/product"}],"about":[{"href":"https:\/\/www.ernstbrunn-apotheke.at\/katalog\/wp-json\/wp\/v2\/types\/product"}],"wp:featuredmedia":[{"embeddable":true,"href":"https:\/\/www.ernstbrunn-apotheke.at\/katalog\/wp-json\/wp\/v2\/media\/19006"}],"wp:attachment":[{"href":"https:\/\/www.ernstbrunn-apotheke.at\/katalog\/wp-json\/wp\/v2\/media?parent=19004"}],"wp:term":[{"taxonomy":"product_brand","embeddable":true,"href":"https:\/\/www.ernstbrunn-apotheke.at\/katalog\/wp-json\/wp\/v2\/product_brand?post=19004"},{"taxonomy":"product_cat","embeddable":true,"href":"https:\/\/www.ernstbrunn-apotheke.at\/katalog\/wp-json\/wp\/v2\/product_cat?post=19004"},{"taxonomy":"product_tag","embeddable":true,"href":"https:\/\/www.ernstbrunn-apotheke.at\/katalog\/wp-json\/wp\/v2\/product_tag?post=19004"}],"curies":[{"name":"wp","href":"https:\/\/api.w.org\/{rel}","templated":true}]}}