{"id":18941,"date":"2025-11-07T21:41:23","date_gmt":"2025-11-07T20:41:23","guid":{"rendered":"https:\/\/www.ernstbrunn-apotheke.at\/katalog\/produkt\/bittschwamms-ionen-narben-balsam-60-ml\/"},"modified":"2025-12-08T14:13:15","modified_gmt":"2025-12-08T13:13:15","slug":"bittschwamms-ionen-narben-balsam-60-ml","status":"publish","type":"product","link":"https:\/\/www.ernstbrunn-apotheke.at\/katalog\/produkt\/bittschwamms-ionen-narben-balsam-60-ml\/","title":{"rendered":"Bittschwamms Ionen Narben Balsam 60 ml"},"content":{"rendered":"<p>Bittschwamms Ionen Narben Balsam ist eine Kombination aus Ionen, Johanniskraut\u00f6l und einem Ringelblumenextrakt, welche zusammen mit dem \u00e4therischen \u00d6l der Rosengeranie den Wirkstoffkomplex dieses Ionen-Pflegebalsames bildet. Durch die Anwendung werden vernarbte Hautstellen weicher und f\u00fchlbar glatter sowie \u201centst\u00f6rt\u00f6. ist dieses Produkt in den Packungsgr\u00f6\u00dfen 20 g und 60 g erh\u00e4ltlich.<\/p>\n","protected":false},"excerpt":{"rendered":"<p>Bittschwamms Ionen Narben Balsam ist eine Kombination aus Ionen, Johanniskraut\u00f6l und einem Ringelblumenextrakt, welche zusammen mit dem \u00e4therischen \u00d6l der Rosengeranie den Wirkstoffkomplex dieses Ionen-Pflegebalsames bildet. Durch die Anwendung werden vernarbte Hautstellen weicher und f\u00fchlbar glatter sowie \u201centst\u00f6rt\u00f6. ist dieses Produkt in den Packungsgr\u00f6\u00dfen 20 g und 60 g erh\u00e4ltlich.<\/p>\n","protected":false},"featured_media":18943,"template":"","meta":{"_acf_changed":false},"product_brand":[],"product_cat":[802],"product_tag":[],"class_list":{"0":"post-18941","1":"product","2":"type-product","3":"status-publish","4":"has-post-thumbnail","6":"product_cat-b","7":"pa_packungsgroesse-60ml","9":"first","10":"instock","11":"shipping-taxable","12":"purchasable","13":"product-type-simple"},"acf":[],"_links":{"self":[{"href":"https:\/\/www.ernstbrunn-apotheke.at\/katalog\/wp-json\/wp\/v2\/product\/18941","targetHints":{"allow":["GET"]}}],"collection":[{"href":"https:\/\/www.ernstbrunn-apotheke.at\/katalog\/wp-json\/wp\/v2\/product"}],"about":[{"href":"https:\/\/www.ernstbrunn-apotheke.at\/katalog\/wp-json\/wp\/v2\/types\/product"}],"wp:featuredmedia":[{"embeddable":true,"href":"https:\/\/www.ernstbrunn-apotheke.at\/katalog\/wp-json\/wp\/v2\/media\/18943"}],"wp:attachment":[{"href":"https:\/\/www.ernstbrunn-apotheke.at\/katalog\/wp-json\/wp\/v2\/media?parent=18941"}],"wp:term":[{"taxonomy":"product_brand","embeddable":true,"href":"https:\/\/www.ernstbrunn-apotheke.at\/katalog\/wp-json\/wp\/v2\/product_brand?post=18941"},{"taxonomy":"product_cat","embeddable":true,"href":"https:\/\/www.ernstbrunn-apotheke.at\/katalog\/wp-json\/wp\/v2\/product_cat?post=18941"},{"taxonomy":"product_tag","embeddable":true,"href":"https:\/\/www.ernstbrunn-apotheke.at\/katalog\/wp-json\/wp\/v2\/product_tag?post=18941"}],"curies":[{"name":"wp","href":"https:\/\/api.w.org\/{rel}","templated":true}]}}