{"id":18910,"date":"2025-11-07T21:41:23","date_gmt":"2025-11-07T20:41:23","guid":{"rendered":"https:\/\/www.ernstbrunn-apotheke.at\/katalog\/produkt\/helpic-soforthilfe-gel\/"},"modified":"2025-12-08T14:13:07","modified_gmt":"2025-12-08T13:13:07","slug":"helpic-soforthilfe-gel","status":"publish","type":"product","link":"https:\/\/www.ernstbrunn-apotheke.at\/katalog\/produkt\/helpic-soforthilfe-gel\/","title":{"rendered":"Helpic Soforthilfe Gel"},"content":{"rendered":"<p>Helpic Soforthilfe Gel ist ein k\u00fchlendes Kr\u00e4utergel, das bei rechtzeitiger Anwendung besonders schnell und lindernd auf die betroffenen Hautstellen einwirkt. Helpic Gel ist ein in \u00d6sterreich entwickeltes und hergestelltes reines Naturprodukt. Es hilft nachweislich auch bei gro\u00dffl\u00e4chigem Insektenbefall wie Stechm\u00fccken, Bremsen, Ameisen, Quallen oder Wespen.<\/p>\n","protected":false},"excerpt":{"rendered":"<p>Helpic Soforthilfe Gel ist ein k\u00fchlendes Kr\u00e4utergel, das bei rechtzeitiger Anwendung besonders schnell und lindernd auf die betroffenen Hautstellen einwirkt. Helpic Gel ist ein in \u00d6sterreich entwickeltes und hergestelltes reines Naturprodukt. Es hilft nachweislich auch bei gro\u00dffl\u00e4chigem Insektenbefall wie Stechm\u00fccken, Bremsen, Ameisen, Quallen oder Wespen.<\/p>\n","protected":false},"featured_media":18912,"template":"","meta":{"_acf_changed":false},"product_brand":[652],"product_cat":[805],"product_tag":[],"class_list":{"0":"post-18910","1":"product","2":"type-product","3":"status-publish","4":"has-post-thumbnail","6":"product_brand-heplic","7":"product_cat-h","8":"pa_packungsgroesse-30ml","10":"first","11":"instock","12":"shipping-taxable","13":"purchasable","14":"product-type-simple"},"acf":[],"_links":{"self":[{"href":"https:\/\/www.ernstbrunn-apotheke.at\/katalog\/wp-json\/wp\/v2\/product\/18910","targetHints":{"allow":["GET"]}}],"collection":[{"href":"https:\/\/www.ernstbrunn-apotheke.at\/katalog\/wp-json\/wp\/v2\/product"}],"about":[{"href":"https:\/\/www.ernstbrunn-apotheke.at\/katalog\/wp-json\/wp\/v2\/types\/product"}],"wp:featuredmedia":[{"embeddable":true,"href":"https:\/\/www.ernstbrunn-apotheke.at\/katalog\/wp-json\/wp\/v2\/media\/18912"}],"wp:attachment":[{"href":"https:\/\/www.ernstbrunn-apotheke.at\/katalog\/wp-json\/wp\/v2\/media?parent=18910"}],"wp:term":[{"taxonomy":"product_brand","embeddable":true,"href":"https:\/\/www.ernstbrunn-apotheke.at\/katalog\/wp-json\/wp\/v2\/product_brand?post=18910"},{"taxonomy":"product_cat","embeddable":true,"href":"https:\/\/www.ernstbrunn-apotheke.at\/katalog\/wp-json\/wp\/v2\/product_cat?post=18910"},{"taxonomy":"product_tag","embeddable":true,"href":"https:\/\/www.ernstbrunn-apotheke.at\/katalog\/wp-json\/wp\/v2\/product_tag?post=18910"}],"curies":[{"name":"wp","href":"https:\/\/api.w.org\/{rel}","templated":true}]}}