{"id":18898,"date":"2025-11-07T21:41:23","date_gmt":"2025-11-07T20:41:23","guid":{"rendered":"https:\/\/www.ernstbrunn-apotheke.at\/katalog\/produkt\/bacillol-desinfektionstuecher-extra-steril-nachfuellung-100-stk\/"},"modified":"2025-12-08T14:13:04","modified_gmt":"2025-12-08T13:13:04","slug":"bacillol-desinfektionstuecher-extra-steril-nachfuellung-100-stk","status":"publish","type":"product","link":"https:\/\/www.ernstbrunn-apotheke.at\/katalog\/produkt\/bacillol-desinfektionstuecher-extra-steril-nachfuellung-100-stk\/","title":{"rendered":"Bacillol Desinfektionst\u00fccher Extra Steril Nachf\u00fcllung 100 Stk."},"content":{"rendered":"<p>Bacillol Desinfektionst\u00fccher Extra Steril eignen sich zur schnellen und anwenderfreundlichen Desinfektion von medizinischem Inventar sowie sonstiger alkoholunempfindlicher Anwendungsteile von Medizinprodukten. Au\u00dferdem eignet es sich hervorragend zum Reinigen alkoholunempfindlichen Fl\u00e4chen.<\/p>\n","protected":false},"excerpt":{"rendered":"<p>Bacillol Desinfektionst\u00fccher Extra Steril eignen sich zur schnellen und anwenderfreundlichen Desinfektion von medizinischem Inventar sowie sonstiger alkoholunempfindlicher Anwendungsteile von Medizinprodukten. Au\u00dferdem eignet es sich hervorragend zum Reinigen alkoholunempfindlichen Fl\u00e4chen.<\/p>\n","protected":false},"featured_media":0,"template":"","meta":{"_acf_changed":false},"product_brand":[],"product_cat":[802],"product_tag":[],"class_list":{"0":"post-18898","1":"product","2":"type-product","3":"status-publish","5":"product_cat-b","6":"pa_packungsgroesse-100-stueck","8":"first","9":"instock","10":"shipping-taxable","11":"purchasable","12":"product-type-simple"},"acf":[],"_links":{"self":[{"href":"https:\/\/www.ernstbrunn-apotheke.at\/katalog\/wp-json\/wp\/v2\/product\/18898","targetHints":{"allow":["GET"]}}],"collection":[{"href":"https:\/\/www.ernstbrunn-apotheke.at\/katalog\/wp-json\/wp\/v2\/product"}],"about":[{"href":"https:\/\/www.ernstbrunn-apotheke.at\/katalog\/wp-json\/wp\/v2\/types\/product"}],"wp:attachment":[{"href":"https:\/\/www.ernstbrunn-apotheke.at\/katalog\/wp-json\/wp\/v2\/media?parent=18898"}],"wp:term":[{"taxonomy":"product_brand","embeddable":true,"href":"https:\/\/www.ernstbrunn-apotheke.at\/katalog\/wp-json\/wp\/v2\/product_brand?post=18898"},{"taxonomy":"product_cat","embeddable":true,"href":"https:\/\/www.ernstbrunn-apotheke.at\/katalog\/wp-json\/wp\/v2\/product_cat?post=18898"},{"taxonomy":"product_tag","embeddable":true,"href":"https:\/\/www.ernstbrunn-apotheke.at\/katalog\/wp-json\/wp\/v2\/product_tag?post=18898"}],"curies":[{"name":"wp","href":"https:\/\/api.w.org\/{rel}","templated":true}]}}