{"id":18815,"date":"2025-11-07T19:05:02","date_gmt":"2025-11-07T18:05:02","guid":{"rendered":"https:\/\/www.ernstbrunn-apotheke.at\/katalog\/produkt\/isoflavon-45mg-dragees-mit-griffonia\/"},"modified":"2025-12-08T14:07:10","modified_gmt":"2025-12-08T13:07:10","slug":"isoflavon-45mg-dragees-mit-griffonia","status":"publish","type":"product","link":"https:\/\/www.ernstbrunn-apotheke.at\/katalog\/produkt\/isoflavon-45mg-dragees-mit-griffonia\/","title":{"rendered":"Isoflavon 45mg Dragees mit Griffonia"},"content":{"rendered":"<p>Dr. B\u00f6hm Isoflavon mit Griffonia Dragees sorgen auf pflanzliche Weise f\u00fcr hormonelle Balance w\u00e4hrend der Wechseljahre. Sie lindern Begleiterscheinungen der Menopause wie zum Beispiel Hitzewallungen, Stimmungsschwankungen oder Hei\u00dfhungerattacken.<\/p>\n","protected":false},"excerpt":{"rendered":"<p>Dr. B\u00f6hm Isoflavon mit Griffonia Dragees sorgen auf pflanzliche Weise f\u00fcr hormonelle Balance w\u00e4hrend der Wechseljahre. Sie lindern Begleiterscheinungen der Menopause wie zum Beispiel Hitzewallungen, Stimmungsschwankungen oder Hei\u00dfhungerattacken.<\/p>\n","protected":false},"featured_media":18817,"template":"","meta":{"_acf_changed":false},"product_brand":[365],"product_cat":[823],"product_tag":[],"class_list":{"0":"post-18815","1":"product","2":"type-product","3":"status-publish","4":"has-post-thumbnail","6":"product_brand-dr-boehm","7":"product_cat-i","8":"pa_packungsgroesse-60-stueck","10":"first","11":"instock","12":"shipping-taxable","13":"purchasable","14":"product-type-simple"},"acf":[],"_links":{"self":[{"href":"https:\/\/www.ernstbrunn-apotheke.at\/katalog\/wp-json\/wp\/v2\/product\/18815","targetHints":{"allow":["GET"]}}],"collection":[{"href":"https:\/\/www.ernstbrunn-apotheke.at\/katalog\/wp-json\/wp\/v2\/product"}],"about":[{"href":"https:\/\/www.ernstbrunn-apotheke.at\/katalog\/wp-json\/wp\/v2\/types\/product"}],"wp:featuredmedia":[{"embeddable":true,"href":"https:\/\/www.ernstbrunn-apotheke.at\/katalog\/wp-json\/wp\/v2\/media\/18817"}],"wp:attachment":[{"href":"https:\/\/www.ernstbrunn-apotheke.at\/katalog\/wp-json\/wp\/v2\/media?parent=18815"}],"wp:term":[{"taxonomy":"product_brand","embeddable":true,"href":"https:\/\/www.ernstbrunn-apotheke.at\/katalog\/wp-json\/wp\/v2\/product_brand?post=18815"},{"taxonomy":"product_cat","embeddable":true,"href":"https:\/\/www.ernstbrunn-apotheke.at\/katalog\/wp-json\/wp\/v2\/product_cat?post=18815"},{"taxonomy":"product_tag","embeddable":true,"href":"https:\/\/www.ernstbrunn-apotheke.at\/katalog\/wp-json\/wp\/v2\/product_tag?post=18815"}],"curies":[{"name":"wp","href":"https:\/\/api.w.org\/{rel}","templated":true}]}}