{"id":18799,"date":"2025-11-07T19:04:24","date_gmt":"2025-11-07T18:04:24","guid":{"rendered":"https:\/\/www.ernstbrunn-apotheke.at\/katalog\/produkt\/femalen-tabletten-60-stk\/"},"modified":"2025-12-08T14:07:06","modified_gmt":"2025-12-08T13:07:06","slug":"femalen-tabletten-60-stk","status":"publish","type":"product","link":"https:\/\/www.ernstbrunn-apotheke.at\/katalog\/produkt\/femalen-tabletten-60-stk\/","title":{"rendered":"Femalen Tabletten 60 Stk."},"content":{"rendered":"<p>Femalen Tabletten ist ein 100% hormonfreier Begleiter w\u00e4hrend der Wechseljahre. Beschwerden wie beispielsweise Hitzewallungen, Stimmungsschwankungen oder Schlafst\u00f6rungen k\u00f6nnen die Lebensqualit\u00e4t stark beeintr\u00e4chtigen, und durch Femalen gemindert werden..<\/p>\n","protected":false},"excerpt":{"rendered":"<p>Femalen Tabletten ist ein 100% hormonfreier Begleiter w\u00e4hrend der Wechseljahre. Beschwerden wie beispielsweise Hitzewallungen, Stimmungsschwankungen oder Schlafst\u00f6rungen k\u00f6nnen die Lebensqualit\u00e4t stark beeintr\u00e4chtigen, und durch Femalen gemindert werden..<\/p>\n","protected":false},"featured_media":18801,"template":"","meta":{"_acf_changed":false},"product_brand":[],"product_cat":[809],"product_tag":[],"class_list":{"0":"post-18799","1":"product","2":"type-product","3":"status-publish","4":"has-post-thumbnail","6":"product_cat-f","7":"pa_packungsgroesse-60-stueck","9":"first","10":"instock","11":"shipping-taxable","12":"purchasable","13":"product-type-simple"},"acf":[],"_links":{"self":[{"href":"https:\/\/www.ernstbrunn-apotheke.at\/katalog\/wp-json\/wp\/v2\/product\/18799","targetHints":{"allow":["GET"]}}],"collection":[{"href":"https:\/\/www.ernstbrunn-apotheke.at\/katalog\/wp-json\/wp\/v2\/product"}],"about":[{"href":"https:\/\/www.ernstbrunn-apotheke.at\/katalog\/wp-json\/wp\/v2\/types\/product"}],"wp:featuredmedia":[{"embeddable":true,"href":"https:\/\/www.ernstbrunn-apotheke.at\/katalog\/wp-json\/wp\/v2\/media\/18801"}],"wp:attachment":[{"href":"https:\/\/www.ernstbrunn-apotheke.at\/katalog\/wp-json\/wp\/v2\/media?parent=18799"}],"wp:term":[{"taxonomy":"product_brand","embeddable":true,"href":"https:\/\/www.ernstbrunn-apotheke.at\/katalog\/wp-json\/wp\/v2\/product_brand?post=18799"},{"taxonomy":"product_cat","embeddable":true,"href":"https:\/\/www.ernstbrunn-apotheke.at\/katalog\/wp-json\/wp\/v2\/product_cat?post=18799"},{"taxonomy":"product_tag","embeddable":true,"href":"https:\/\/www.ernstbrunn-apotheke.at\/katalog\/wp-json\/wp\/v2\/product_tag?post=18799"}],"curies":[{"name":"wp","href":"https:\/\/api.w.org\/{rel}","templated":true}]}}