{"id":18782,"date":"2025-11-07T19:03:59","date_gmt":"2025-11-07T18:03:59","guid":{"rendered":"https:\/\/www.ernstbrunn-apotheke.at\/katalog\/produkt\/the-nutri-store-suessgras-haarfit-kapseln-200-stk\/"},"modified":"2025-12-08T14:07:00","modified_gmt":"2025-12-08T13:07:00","slug":"the-nutri-store-suessgras-haarfit-kapseln-200-stk","status":"publish","type":"product","link":"https:\/\/www.ernstbrunn-apotheke.at\/katalog\/produkt\/the-nutri-store-suessgras-haarfit-kapseln-200-stk\/","title":{"rendered":"The Nutri Store S\u00fc\u00dfgras HaarFit Kapseln 200 Stk."},"content":{"rendered":"<p>The Nutri Store S\u00fc\u00dfgras Haarfit Kapseln: F\u00fcr sch\u00f6nes, gesundes und kr\u00e4ftiges Haar ist eine ausreichende und regelm\u00e4\u00dfige Versorgung des K\u00f6rpers mit f\u00fcr den Haarstoffwechsel wichtigen Vital- und N\u00e4hrstoffen notwendig. Diese ist bei der heutigen Ern\u00e4hrungsweise jedoch nicht immer gew\u00e4hrleistet. Durch Vitalstoffmangel kann das Wachstum von Haaren und N\u00e4geln nicht immer optimal unterst\u00fctzt werden. Eine t\u00e4gliche Nahrungserg\u00e4nzung mit HaarFit Kapseln kann die ausreichende Versorgung Ihres K\u00f6rpers mit diesen wichtigen Vitalstoffen von innen her sicherstellen.<\/p>\n","protected":false},"excerpt":{"rendered":"<p>The Nutri Store S\u00fc\u00dfgras Haarfit Kapseln: F\u00fcr sch\u00f6nes, gesundes und kr\u00e4ftiges Haar ist eine ausreichende und regelm\u00e4\u00dfige Versorgung des K\u00f6rpers mit f\u00fcr den Haarstoffwechsel wichtigen Vital- und N\u00e4hrstoffen notwendig. Diese ist bei der heutigen Ern\u00e4hrungsweise jedoch nicht immer gew\u00e4hrleistet. Durch Vitalstoffmangel kann das Wachstum von Haaren und N\u00e4geln nicht immer optimal unterst\u00fctzt werden. Eine t\u00e4gliche [&hellip;]<\/p>\n","protected":false},"featured_media":18784,"template":"","meta":{"_acf_changed":false},"product_brand":[],"product_cat":[798],"product_tag":[],"class_list":{"0":"post-18782","1":"product","2":"type-product","3":"status-publish","4":"has-post-thumbnail","6":"product_cat-t","7":"pa_packungsgroesse-200-stueck","9":"first","10":"instock","11":"shipping-taxable","12":"purchasable","13":"product-type-simple"},"acf":[],"_links":{"self":[{"href":"https:\/\/www.ernstbrunn-apotheke.at\/katalog\/wp-json\/wp\/v2\/product\/18782","targetHints":{"allow":["GET"]}}],"collection":[{"href":"https:\/\/www.ernstbrunn-apotheke.at\/katalog\/wp-json\/wp\/v2\/product"}],"about":[{"href":"https:\/\/www.ernstbrunn-apotheke.at\/katalog\/wp-json\/wp\/v2\/types\/product"}],"wp:featuredmedia":[{"embeddable":true,"href":"https:\/\/www.ernstbrunn-apotheke.at\/katalog\/wp-json\/wp\/v2\/media\/18784"}],"wp:attachment":[{"href":"https:\/\/www.ernstbrunn-apotheke.at\/katalog\/wp-json\/wp\/v2\/media?parent=18782"}],"wp:term":[{"taxonomy":"product_brand","embeddable":true,"href":"https:\/\/www.ernstbrunn-apotheke.at\/katalog\/wp-json\/wp\/v2\/product_brand?post=18782"},{"taxonomy":"product_cat","embeddable":true,"href":"https:\/\/www.ernstbrunn-apotheke.at\/katalog\/wp-json\/wp\/v2\/product_cat?post=18782"},{"taxonomy":"product_tag","embeddable":true,"href":"https:\/\/www.ernstbrunn-apotheke.at\/katalog\/wp-json\/wp\/v2\/product_tag?post=18782"}],"curies":[{"name":"wp","href":"https:\/\/api.w.org\/{rel}","templated":true}]}}