{"id":18758,"date":"2025-11-07T19:03:59","date_gmt":"2025-11-07T18:03:59","guid":{"rendered":"https:\/\/www.ernstbrunn-apotheke.at\/katalog\/produkt\/the-nutri-store-perlhirse-kapseln-200-stk\/"},"modified":"2025-12-08T14:06:54","modified_gmt":"2025-12-08T13:06:54","slug":"the-nutri-store-perlhirse-kapseln-200-stk","status":"publish","type":"product","link":"https:\/\/www.ernstbrunn-apotheke.at\/katalog\/produkt\/the-nutri-store-perlhirse-kapseln-200-stk\/","title":{"rendered":"The Nutri Store Perlhirse Kapseln 200 Stk."},"content":{"rendered":"<p>The Nutri Store Perlhirse Kapseln: In Perlhirse Kapseln steckt, was Ihr Haar zum gesunden Wachstum braucht: Der Genu\u00df des S\u00fc\u00dfgrases Hirse gilt traditionell als \u00e4Geheimtipp\u201c f\u00fcr kr\u00e4ftiges und gesundes Haar. Biotin und Zink tragen zum Erhalt gesunder Haare bei. Vitamin C unterst\u00fctzt eine normale Kollagenbildung. Pantothens\u00e4ure tr\u00e4gt zu einem gesunden Energiestoffwechsel bei. Da Haare und N\u00e4gel sehr langsam wachsen, sollten Sie Perlhirse Kapseln \u00fcber einen l\u00e4ngeren Zeitraum, mind. 3 Monate, verzehren.<\/p>\n","protected":false},"excerpt":{"rendered":"<p>The Nutri Store Perlhirse Kapseln: In Perlhirse Kapseln steckt, was Ihr Haar zum gesunden Wachstum braucht: Der Genu\u00df des S\u00fc\u00dfgrases Hirse gilt traditionell als \u00e4Geheimtipp\u201c f\u00fcr kr\u00e4ftiges und gesundes Haar. Biotin und Zink tragen zum Erhalt gesunder Haare bei. Vitamin C unterst\u00fctzt eine normale Kollagenbildung. Pantothens\u00e4ure tr\u00e4gt zu einem gesunden Energiestoffwechsel bei. Da Haare und [&hellip;]<\/p>\n","protected":false},"featured_media":18760,"template":"","meta":{"_acf_changed":false},"product_brand":[],"product_cat":[798],"product_tag":[],"class_list":{"0":"post-18758","1":"product","2":"type-product","3":"status-publish","4":"has-post-thumbnail","6":"product_cat-t","7":"pa_packungsgroesse-200-stueck","9":"first","10":"instock","11":"shipping-taxable","12":"purchasable","13":"product-type-simple"},"acf":[],"_links":{"self":[{"href":"https:\/\/www.ernstbrunn-apotheke.at\/katalog\/wp-json\/wp\/v2\/product\/18758","targetHints":{"allow":["GET"]}}],"collection":[{"href":"https:\/\/www.ernstbrunn-apotheke.at\/katalog\/wp-json\/wp\/v2\/product"}],"about":[{"href":"https:\/\/www.ernstbrunn-apotheke.at\/katalog\/wp-json\/wp\/v2\/types\/product"}],"wp:featuredmedia":[{"embeddable":true,"href":"https:\/\/www.ernstbrunn-apotheke.at\/katalog\/wp-json\/wp\/v2\/media\/18760"}],"wp:attachment":[{"href":"https:\/\/www.ernstbrunn-apotheke.at\/katalog\/wp-json\/wp\/v2\/media?parent=18758"}],"wp:term":[{"taxonomy":"product_brand","embeddable":true,"href":"https:\/\/www.ernstbrunn-apotheke.at\/katalog\/wp-json\/wp\/v2\/product_brand?post=18758"},{"taxonomy":"product_cat","embeddable":true,"href":"https:\/\/www.ernstbrunn-apotheke.at\/katalog\/wp-json\/wp\/v2\/product_cat?post=18758"},{"taxonomy":"product_tag","embeddable":true,"href":"https:\/\/www.ernstbrunn-apotheke.at\/katalog\/wp-json\/wp\/v2\/product_tag?post=18758"}],"curies":[{"name":"wp","href":"https:\/\/api.w.org\/{rel}","templated":true}]}}