{"id":18746,"date":"2025-11-07T19:03:37","date_gmt":"2025-11-07T18:03:37","guid":{"rendered":"https:\/\/www.ernstbrunn-apotheke.at\/katalog\/produkt\/abtei-feste-naegel-depot-30-stk\/"},"modified":"2025-12-08T14:06:51","modified_gmt":"2025-12-08T13:06:51","slug":"abtei-feste-naegel-depot-30-stk","status":"publish","type":"product","link":"https:\/\/www.ernstbrunn-apotheke.at\/katalog\/produkt\/abtei-feste-naegel-depot-30-stk\/","title":{"rendered":"Abtei Feste N\u00e4gel Depot 30 Stk."},"content":{"rendered":"<p>Abtei Feste N\u00e4gel bietet das erste Depot mit wichtigen N\u00e4hrstoffen zum Erhalt der nat\u00fcrlichen Festigkeit und H\u00e4rte von N\u00e4geln. Zink ist an der Bildung von Keratin beteiligt und tr\u00e4gt so zu festen N\u00e4geln bei. Das Antioxidans Selen ist f\u00fcr eine gesunde Schilddr\u00fcsenfunktion von Bedeutung, welche wichtig f\u00fcr den Erhalt sch\u00f6ner N\u00e4gel ist.<\/p>\n","protected":false},"excerpt":{"rendered":"<p>Abtei Feste N\u00e4gel bietet das erste Depot mit wichtigen N\u00e4hrstoffen zum Erhalt der nat\u00fcrlichen Festigkeit und H\u00e4rte von N\u00e4geln. Zink ist an der Bildung von Keratin beteiligt und tr\u00e4gt so zu festen N\u00e4geln bei. Das Antioxidans Selen ist f\u00fcr eine gesunde Schilddr\u00fcsenfunktion von Bedeutung, welche wichtig f\u00fcr den Erhalt sch\u00f6ner N\u00e4gel ist.<\/p>\n","protected":false},"featured_media":18748,"template":"","meta":{"_acf_changed":false},"product_brand":[484],"product_cat":[801],"product_tag":[],"class_list":{"0":"post-18746","1":"product","2":"type-product","3":"status-publish","4":"has-post-thumbnail","6":"product_brand-abtei","7":"product_cat-a","8":"pa_packungsgroesse-30-stueck","10":"first","11":"instock","12":"shipping-taxable","13":"purchasable","14":"product-type-simple"},"acf":[],"_links":{"self":[{"href":"https:\/\/www.ernstbrunn-apotheke.at\/katalog\/wp-json\/wp\/v2\/product\/18746","targetHints":{"allow":["GET"]}}],"collection":[{"href":"https:\/\/www.ernstbrunn-apotheke.at\/katalog\/wp-json\/wp\/v2\/product"}],"about":[{"href":"https:\/\/www.ernstbrunn-apotheke.at\/katalog\/wp-json\/wp\/v2\/types\/product"}],"wp:featuredmedia":[{"embeddable":true,"href":"https:\/\/www.ernstbrunn-apotheke.at\/katalog\/wp-json\/wp\/v2\/media\/18748"}],"wp:attachment":[{"href":"https:\/\/www.ernstbrunn-apotheke.at\/katalog\/wp-json\/wp\/v2\/media?parent=18746"}],"wp:term":[{"taxonomy":"product_brand","embeddable":true,"href":"https:\/\/www.ernstbrunn-apotheke.at\/katalog\/wp-json\/wp\/v2\/product_brand?post=18746"},{"taxonomy":"product_cat","embeddable":true,"href":"https:\/\/www.ernstbrunn-apotheke.at\/katalog\/wp-json\/wp\/v2\/product_cat?post=18746"},{"taxonomy":"product_tag","embeddable":true,"href":"https:\/\/www.ernstbrunn-apotheke.at\/katalog\/wp-json\/wp\/v2\/product_tag?post=18746"}],"curies":[{"name":"wp","href":"https:\/\/api.w.org\/{rel}","templated":true}]}}