{"id":18729,"date":"2025-11-07T19:03:37","date_gmt":"2025-11-07T18:03:37","guid":{"rendered":"https:\/\/www.ernstbrunn-apotheke.at\/katalog\/produkt\/abtei-starkes-bindegewebe-42-stk\/"},"modified":"2025-12-08T14:06:47","modified_gmt":"2025-12-08T13:06:47","slug":"abtei-starkes-bindegewebe-42-stk","status":"publish","type":"product","link":"https:\/\/www.ernstbrunn-apotheke.at\/katalog\/produkt\/abtei-starkes-bindegewebe-42-stk\/","title":{"rendered":"Abtei Starkes Bindegewebe 42 Stk."},"content":{"rendered":"<p>Abtei Starkes Bindegewebe \u2013 f\u00fcr gesundes Bindegewebe und eine sch\u00f6ne, glatte Haut.Das Besondere an Abtei Starkes Bindegewebe ist das Zusammenwirken von Kupfer, welches zur Erhaltung eines normalen Bindegewebes beitr\u00e4gt, Vitamin C, da es Funktion und Aufbau der strukturgebenden Fasern im Bindegewebe unterst\u00fctzt sowie Biotin, da es die Aufrechterhaltung gesunder Haut unterst\u00fctzt. Zus\u00e4tzlich enth\u00e4lt Abtei Starkes Bindegewebe traditionell verwendete Kieselerde, L-Carnitin und Ananasextrakt \u2013 alle Artikel von Abtei jetzt stark preisgesenkt bestellen!<\/p>\n","protected":false},"excerpt":{"rendered":"<p>Abtei Starkes Bindegewebe \u2013 f\u00fcr gesundes Bindegewebe und eine sch\u00f6ne, glatte Haut.Das Besondere an Abtei Starkes Bindegewebe ist das Zusammenwirken von Kupfer, welches zur Erhaltung eines normalen Bindegewebes beitr\u00e4gt, Vitamin C, da es Funktion und Aufbau der strukturgebenden Fasern im Bindegewebe unterst\u00fctzt sowie Biotin, da es die Aufrechterhaltung gesunder Haut unterst\u00fctzt. Zus\u00e4tzlich enth\u00e4lt Abtei Starkes [&hellip;]<\/p>\n","protected":false},"featured_media":18731,"template":"","meta":{"_acf_changed":false},"product_brand":[484],"product_cat":[801],"product_tag":[],"class_list":{"0":"post-18729","1":"product","2":"type-product","3":"status-publish","4":"has-post-thumbnail","6":"product_brand-abtei","7":"product_cat-a","8":"pa_packungsgroesse-42-stueck","10":"first","11":"instock","12":"shipping-taxable","13":"purchasable","14":"product-type-simple"},"acf":[],"_links":{"self":[{"href":"https:\/\/www.ernstbrunn-apotheke.at\/katalog\/wp-json\/wp\/v2\/product\/18729","targetHints":{"allow":["GET"]}}],"collection":[{"href":"https:\/\/www.ernstbrunn-apotheke.at\/katalog\/wp-json\/wp\/v2\/product"}],"about":[{"href":"https:\/\/www.ernstbrunn-apotheke.at\/katalog\/wp-json\/wp\/v2\/types\/product"}],"wp:featuredmedia":[{"embeddable":true,"href":"https:\/\/www.ernstbrunn-apotheke.at\/katalog\/wp-json\/wp\/v2\/media\/18731"}],"wp:attachment":[{"href":"https:\/\/www.ernstbrunn-apotheke.at\/katalog\/wp-json\/wp\/v2\/media?parent=18729"}],"wp:term":[{"taxonomy":"product_brand","embeddable":true,"href":"https:\/\/www.ernstbrunn-apotheke.at\/katalog\/wp-json\/wp\/v2\/product_brand?post=18729"},{"taxonomy":"product_cat","embeddable":true,"href":"https:\/\/www.ernstbrunn-apotheke.at\/katalog\/wp-json\/wp\/v2\/product_cat?post=18729"},{"taxonomy":"product_tag","embeddable":true,"href":"https:\/\/www.ernstbrunn-apotheke.at\/katalog\/wp-json\/wp\/v2\/product_tag?post=18729"}],"curies":[{"name":"wp","href":"https:\/\/api.w.org\/{rel}","templated":true}]}}