{"id":18722,"date":"2025-11-07T19:03:18","date_gmt":"2025-11-07T18:03:18","guid":{"rendered":"https:\/\/www.ernstbrunn-apotheke.at\/katalog\/produkt\/a29-bio-haaraktiv-kapseln-30-stk\/"},"modified":"2025-12-08T14:06:44","modified_gmt":"2025-12-08T13:06:44","slug":"a29-bio-haaraktiv-kapseln-30-stk","status":"publish","type":"product","link":"https:\/\/www.ernstbrunn-apotheke.at\/katalog\/produkt\/a29-bio-haaraktiv-kapseln-30-stk\/","title":{"rendered":"A29 Bio Haaraktiv Kapseln 30 Stk."},"content":{"rendered":"<p>A29 Bio Haaraktiv Kapseln enthalten eine spezielle N\u00e4hrstoffkombination, die das Haar von innen versorgt. Goldhirse, Vitamine, Mineralstoffe und zahlreiche Aminos\u00e4uren enthalten wertvolle Bausteine, die f\u00fcr die Haarstruktur n\u00fctzlich sind und das Haarwachstum unterst\u00fctzen.<\/p>\n","protected":false},"excerpt":{"rendered":"<p>A29 Bio Haaraktiv Kapseln enthalten eine spezielle N\u00e4hrstoffkombination, die das Haar von innen versorgt. Goldhirse, Vitamine, Mineralstoffe und zahlreiche Aminos\u00e4uren enthalten wertvolle Bausteine, die f\u00fcr die Haarstruktur n\u00fctzlich sind und das Haarwachstum unterst\u00fctzen.<\/p>\n","protected":false},"featured_media":18724,"template":"","meta":{"_acf_changed":false},"product_brand":[],"product_cat":[801],"product_tag":[],"class_list":{"0":"post-18722","1":"product","2":"type-product","3":"status-publish","4":"has-post-thumbnail","6":"product_cat-a","7":"pa_packungsgroesse-30-stueck","9":"first","10":"instock","11":"shipping-taxable","12":"purchasable","13":"product-type-simple"},"acf":[],"_links":{"self":[{"href":"https:\/\/www.ernstbrunn-apotheke.at\/katalog\/wp-json\/wp\/v2\/product\/18722","targetHints":{"allow":["GET"]}}],"collection":[{"href":"https:\/\/www.ernstbrunn-apotheke.at\/katalog\/wp-json\/wp\/v2\/product"}],"about":[{"href":"https:\/\/www.ernstbrunn-apotheke.at\/katalog\/wp-json\/wp\/v2\/types\/product"}],"wp:featuredmedia":[{"embeddable":true,"href":"https:\/\/www.ernstbrunn-apotheke.at\/katalog\/wp-json\/wp\/v2\/media\/18724"}],"wp:attachment":[{"href":"https:\/\/www.ernstbrunn-apotheke.at\/katalog\/wp-json\/wp\/v2\/media?parent=18722"}],"wp:term":[{"taxonomy":"product_brand","embeddable":true,"href":"https:\/\/www.ernstbrunn-apotheke.at\/katalog\/wp-json\/wp\/v2\/product_brand?post=18722"},{"taxonomy":"product_cat","embeddable":true,"href":"https:\/\/www.ernstbrunn-apotheke.at\/katalog\/wp-json\/wp\/v2\/product_cat?post=18722"},{"taxonomy":"product_tag","embeddable":true,"href":"https:\/\/www.ernstbrunn-apotheke.at\/katalog\/wp-json\/wp\/v2\/product_tag?post=18722"}],"curies":[{"name":"wp","href":"https:\/\/api.w.org\/{rel}","templated":true}]}}