{"id":18567,"date":"2025-11-07T19:00:04","date_gmt":"2025-11-07T18:00:04","guid":{"rendered":"https:\/\/www.ernstbrunn-apotheke.at\/katalog\/produkt\/zell-oxygen-trituration-zym-14-x-20-280-ml\/"},"modified":"2025-12-08T14:06:08","modified_gmt":"2025-12-08T13:06:08","slug":"zell-oxygen-trituration-zym-14-x-20-280-ml","status":"publish","type":"product","link":"https:\/\/www.ernstbrunn-apotheke.at\/katalog\/produkt\/zell-oxygen-trituration-zym-14-x-20-280-ml\/","title":{"rendered":"Zell Oxygen Trituration Zym 14 x 20 280 ml"},"content":{"rendered":"<p>Zell Oxygen Trituration Zym 14 x 20 ist eine ausgew\u00e4hlte Vitalstoffkombination f\u00fcr die Regeneration der Zellen. Wer Freien Radikalen und prooxidativen Vorg\u00e4ngen im K\u00f6rper erfolgreich Gegenwehr leistet, altert langsamer und bleibt ges\u00fcnder: Anti-Aging. Mit antioxidativem Schutz f\u00fcr den K\u00f6rper sollten Sie wirklich gro\u00dfz\u00fcgig sein. Sie unterst\u00fctzen Ihre antioxidativem Schutzw\u00e4lle durch die optimale Versorgung, wie sie in Zell Oxygen ZYM anti-aging enthalten ist.<\/p>\n","protected":false},"excerpt":{"rendered":"<p>Zell Oxygen Trituration Zym 14 x 20 ist eine ausgew\u00e4hlte Vitalstoffkombination f\u00fcr die Regeneration der Zellen. Wer Freien Radikalen und prooxidativen Vorg\u00e4ngen im K\u00f6rper erfolgreich Gegenwehr leistet, altert langsamer und bleibt ges\u00fcnder: Anti-Aging. Mit antioxidativem Schutz f\u00fcr den K\u00f6rper sollten Sie wirklich gro\u00dfz\u00fcgig sein. Sie unterst\u00fctzen Ihre antioxidativem Schutzw\u00e4lle durch die optimale Versorgung, wie sie [&hellip;]<\/p>\n","protected":false},"featured_media":18569,"template":"","meta":{"_acf_changed":false},"product_brand":[],"product_cat":[803],"product_tag":[],"class_list":{"0":"post-18567","1":"product","2":"type-product","3":"status-publish","4":"has-post-thumbnail","6":"product_cat-z","7":"pa_packungsgroesse-14-stueck","9":"first","10":"instock","11":"shipping-taxable","12":"purchasable","13":"product-type-simple"},"acf":[],"_links":{"self":[{"href":"https:\/\/www.ernstbrunn-apotheke.at\/katalog\/wp-json\/wp\/v2\/product\/18567","targetHints":{"allow":["GET"]}}],"collection":[{"href":"https:\/\/www.ernstbrunn-apotheke.at\/katalog\/wp-json\/wp\/v2\/product"}],"about":[{"href":"https:\/\/www.ernstbrunn-apotheke.at\/katalog\/wp-json\/wp\/v2\/types\/product"}],"wp:featuredmedia":[{"embeddable":true,"href":"https:\/\/www.ernstbrunn-apotheke.at\/katalog\/wp-json\/wp\/v2\/media\/18569"}],"wp:attachment":[{"href":"https:\/\/www.ernstbrunn-apotheke.at\/katalog\/wp-json\/wp\/v2\/media?parent=18567"}],"wp:term":[{"taxonomy":"product_brand","embeddable":true,"href":"https:\/\/www.ernstbrunn-apotheke.at\/katalog\/wp-json\/wp\/v2\/product_brand?post=18567"},{"taxonomy":"product_cat","embeddable":true,"href":"https:\/\/www.ernstbrunn-apotheke.at\/katalog\/wp-json\/wp\/v2\/product_cat?post=18567"},{"taxonomy":"product_tag","embeddable":true,"href":"https:\/\/www.ernstbrunn-apotheke.at\/katalog\/wp-json\/wp\/v2\/product_tag?post=18567"}],"curies":[{"name":"wp","href":"https:\/\/api.w.org\/{rel}","templated":true}]}}