{"id":18531,"date":"2025-11-07T18:59:17","date_gmt":"2025-11-07T17:59:17","guid":{"rendered":"https:\/\/www.ernstbrunn-apotheke.at\/katalog\/produkt\/gelacet-gelatine-biotin-kapseln-320-stk\/"},"modified":"2025-12-08T14:06:01","modified_gmt":"2025-12-08T13:06:01","slug":"gelacet-gelatine-biotin-kapseln-320-stk","status":"publish","type":"product","link":"https:\/\/www.ernstbrunn-apotheke.at\/katalog\/produkt\/gelacet-gelatine-biotin-kapseln-320-stk\/","title":{"rendered":"Gelacet Gelatine + Biotin Kapseln 320 Stk."},"content":{"rendered":"<p>Gelacet Gelatine + Biotin Kapseln sind eine Nahrungserg\u00e4nzung, die speziell auf die Ern\u00e4hrung von Haaren und N\u00e4geln ausgerichtet ist. Die Kapseln k\u00f6nnen dazu beitragen, den Haar- und Nagelzustand g\u00fcnstig zu beeinflussen.<\/p>\n","protected":false},"excerpt":{"rendered":"<p>Gelacet Gelatine + Biotin Kapseln sind eine Nahrungserg\u00e4nzung, die speziell auf die Ern\u00e4hrung von Haaren und N\u00e4geln ausgerichtet ist. Die Kapseln k\u00f6nnen dazu beitragen, den Haar- und Nagelzustand g\u00fcnstig zu beeinflussen.<\/p>\n","protected":false},"featured_media":18533,"template":"","meta":{"_acf_changed":false},"product_brand":[],"product_cat":[810],"product_tag":[],"class_list":{"0":"post-18531","1":"product","2":"type-product","3":"status-publish","4":"has-post-thumbnail","6":"product_cat-g","7":"pa_packungsgroesse-320-stueck","9":"first","10":"instock","11":"shipping-taxable","12":"purchasable","13":"product-type-simple"},"acf":[],"_links":{"self":[{"href":"https:\/\/www.ernstbrunn-apotheke.at\/katalog\/wp-json\/wp\/v2\/product\/18531","targetHints":{"allow":["GET"]}}],"collection":[{"href":"https:\/\/www.ernstbrunn-apotheke.at\/katalog\/wp-json\/wp\/v2\/product"}],"about":[{"href":"https:\/\/www.ernstbrunn-apotheke.at\/katalog\/wp-json\/wp\/v2\/types\/product"}],"wp:featuredmedia":[{"embeddable":true,"href":"https:\/\/www.ernstbrunn-apotheke.at\/katalog\/wp-json\/wp\/v2\/media\/18533"}],"wp:attachment":[{"href":"https:\/\/www.ernstbrunn-apotheke.at\/katalog\/wp-json\/wp\/v2\/media?parent=18531"}],"wp:term":[{"taxonomy":"product_brand","embeddable":true,"href":"https:\/\/www.ernstbrunn-apotheke.at\/katalog\/wp-json\/wp\/v2\/product_brand?post=18531"},{"taxonomy":"product_cat","embeddable":true,"href":"https:\/\/www.ernstbrunn-apotheke.at\/katalog\/wp-json\/wp\/v2\/product_cat?post=18531"},{"taxonomy":"product_tag","embeddable":true,"href":"https:\/\/www.ernstbrunn-apotheke.at\/katalog\/wp-json\/wp\/v2\/product_tag?post=18531"}],"curies":[{"name":"wp","href":"https:\/\/api.w.org\/{rel}","templated":true}]}}