{"id":18523,"date":"2025-11-07T18:59:17","date_gmt":"2025-11-07T17:59:17","guid":{"rendered":"https:\/\/www.ernstbrunn-apotheke.at\/katalog\/produkt\/hafesan-goldhirse-calcium-kapseln\/"},"modified":"2025-12-08T14:06:00","modified_gmt":"2025-12-08T13:06:00","slug":"hafesan-goldhirse-calcium-kapseln","status":"publish","type":"product","link":"https:\/\/www.ernstbrunn-apotheke.at\/katalog\/produkt\/hafesan-goldhirse-calcium-kapseln\/","title":{"rendered":"Hafesan Goldhirse Calcium Kapseln"},"content":{"rendered":"<p>Hafesan Goldhirse + Calcium Kapseln vereinen in einzigartiger Weise die wichtigsten N\u00e4hrstoffe f\u00fcr Ihre Sch\u00f6nheit: hochwertiger Goldhirse-Extrakt, Kieselerde, Calcium, Zink und das wichtige Vitamin Biotin.<\/p>\n","protected":false},"excerpt":{"rendered":"<p>Hafesan Goldhirse + Calcium Kapseln vereinen in einzigartiger Weise die wichtigsten N\u00e4hrstoffe f\u00fcr Ihre Sch\u00f6nheit: hochwertiger Goldhirse-Extrakt, Kieselerde, Calcium, Zink und das wichtige Vitamin Biotin.<\/p>\n","protected":false},"featured_media":18525,"template":"","meta":{"_acf_changed":false},"product_brand":[376],"product_cat":[805],"product_tag":[],"class_list":{"0":"post-18523","1":"product","2":"type-product","3":"status-publish","4":"has-post-thumbnail","6":"product_brand-hafesan","7":"product_cat-h","8":"pa_packungsgroesse-75-stueck","10":"first","11":"instock","12":"shipping-taxable","13":"purchasable","14":"product-type-simple"},"acf":[],"_links":{"self":[{"href":"https:\/\/www.ernstbrunn-apotheke.at\/katalog\/wp-json\/wp\/v2\/product\/18523","targetHints":{"allow":["GET"]}}],"collection":[{"href":"https:\/\/www.ernstbrunn-apotheke.at\/katalog\/wp-json\/wp\/v2\/product"}],"about":[{"href":"https:\/\/www.ernstbrunn-apotheke.at\/katalog\/wp-json\/wp\/v2\/types\/product"}],"wp:featuredmedia":[{"embeddable":true,"href":"https:\/\/www.ernstbrunn-apotheke.at\/katalog\/wp-json\/wp\/v2\/media\/18525"}],"wp:attachment":[{"href":"https:\/\/www.ernstbrunn-apotheke.at\/katalog\/wp-json\/wp\/v2\/media?parent=18523"}],"wp:term":[{"taxonomy":"product_brand","embeddable":true,"href":"https:\/\/www.ernstbrunn-apotheke.at\/katalog\/wp-json\/wp\/v2\/product_brand?post=18523"},{"taxonomy":"product_cat","embeddable":true,"href":"https:\/\/www.ernstbrunn-apotheke.at\/katalog\/wp-json\/wp\/v2\/product_cat?post=18523"},{"taxonomy":"product_tag","embeddable":true,"href":"https:\/\/www.ernstbrunn-apotheke.at\/katalog\/wp-json\/wp\/v2\/product_tag?post=18523"}],"curies":[{"name":"wp","href":"https:\/\/api.w.org\/{rel}","templated":true}]}}