{"id":18443,"date":"2025-11-07T18:57:54","date_gmt":"2025-11-07T17:57:54","guid":{"rendered":"https:\/\/www.ernstbrunn-apotheke.at\/katalog\/produkt\/life-light-alpha-liponsaeure-kapseln-60-stk\/"},"modified":"2025-12-08T14:05:40","modified_gmt":"2025-12-08T13:05:40","slug":"life-light-alpha-liponsaeure-kapseln-60-stk","status":"publish","type":"product","link":"https:\/\/www.ernstbrunn-apotheke.at\/katalog\/produkt\/life-light-alpha-liponsaeure-kapseln-60-stk\/","title":{"rendered":"Life Light Alpha-Lipons\u00e4ure Kapseln 60 Stk."},"content":{"rendered":"<p>Life Light Alpha-Lipons\u00e4ure Kapseln sind dank Alpha-Lipons\u00e4ure an vielen enzymatischen Stoffwechselfunktionen beteiligt. Das enthaltene Vitamin C tr\u00e4gt zu einer normalen Kollagenbildung f\u00fcr normale Funktionen der Haut, des Zahnfleischs, der Z\u00e4hne, der Knochen und der Knorpel bei. Es erh\u00f6ht zudem die Eisenaufnahme.<\/p>\n","protected":false},"excerpt":{"rendered":"<p>Life Light Alpha-Lipons\u00e4ure Kapseln sind dank Alpha-Lipons\u00e4ure an vielen enzymatischen Stoffwechselfunktionen beteiligt. Das enthaltene Vitamin C tr\u00e4gt zu einer normalen Kollagenbildung f\u00fcr normale Funktionen der Haut, des Zahnfleischs, der Z\u00e4hne, der Knochen und der Knorpel bei. Es erh\u00f6ht zudem die Eisenaufnahme.<\/p>\n","protected":false},"featured_media":18445,"template":"","meta":{"_acf_changed":false},"product_brand":[],"product_cat":[795],"product_tag":[],"class_list":{"0":"post-18443","1":"product","2":"type-product","3":"status-publish","4":"has-post-thumbnail","6":"product_cat-l","7":"pa_packungsgroesse-60-stueck","9":"first","10":"instock","11":"shipping-taxable","12":"purchasable","13":"product-type-simple"},"acf":[],"_links":{"self":[{"href":"https:\/\/www.ernstbrunn-apotheke.at\/katalog\/wp-json\/wp\/v2\/product\/18443","targetHints":{"allow":["GET"]}}],"collection":[{"href":"https:\/\/www.ernstbrunn-apotheke.at\/katalog\/wp-json\/wp\/v2\/product"}],"about":[{"href":"https:\/\/www.ernstbrunn-apotheke.at\/katalog\/wp-json\/wp\/v2\/types\/product"}],"wp:featuredmedia":[{"embeddable":true,"href":"https:\/\/www.ernstbrunn-apotheke.at\/katalog\/wp-json\/wp\/v2\/media\/18445"}],"wp:attachment":[{"href":"https:\/\/www.ernstbrunn-apotheke.at\/katalog\/wp-json\/wp\/v2\/media?parent=18443"}],"wp:term":[{"taxonomy":"product_brand","embeddable":true,"href":"https:\/\/www.ernstbrunn-apotheke.at\/katalog\/wp-json\/wp\/v2\/product_brand?post=18443"},{"taxonomy":"product_cat","embeddable":true,"href":"https:\/\/www.ernstbrunn-apotheke.at\/katalog\/wp-json\/wp\/v2\/product_cat?post=18443"},{"taxonomy":"product_tag","embeddable":true,"href":"https:\/\/www.ernstbrunn-apotheke.at\/katalog\/wp-json\/wp\/v2\/product_tag?post=18443"}],"curies":[{"name":"wp","href":"https:\/\/api.w.org\/{rel}","templated":true}]}}