{"id":18401,"date":"2025-11-07T18:57:19","date_gmt":"2025-11-07T17:57:19","guid":{"rendered":"https:\/\/www.ernstbrunn-apotheke.at\/katalog\/produkt\/hafesan-hefe-370-mg-kapseln\/"},"modified":"2025-12-08T14:05:26","modified_gmt":"2025-12-08T13:05:26","slug":"hafesan-hefe-370-mg-kapseln","status":"publish","type":"product","link":"https:\/\/www.ernstbrunn-apotheke.at\/katalog\/produkt\/hafesan-hefe-370-mg-kapseln\/","title":{"rendered":"Hafesan Hefe 370 mg Kapseln"},"content":{"rendered":"<p>Hafesan\u00ae Hefe Kapseln k\u00f6nnen einen positiven Beitrag zu seidiger und reiner Haut, aber auch zu f\u00fclligem Haar sowie festen Fingern\u00e4geln leisten.<\/p>\n","protected":false},"excerpt":{"rendered":"<p>Hafesan\u00ae Hefe Kapseln k\u00f6nnen einen positiven Beitrag zu seidiger und reiner Haut, aber auch zu f\u00fclligem Haar sowie festen Fingern\u00e4geln leisten.<\/p>\n","protected":false},"featured_media":18403,"template":"","meta":{"_acf_changed":false},"product_brand":[376],"product_cat":[805],"product_tag":[],"class_list":{"0":"post-18401","1":"product","2":"type-product","3":"status-publish","4":"has-post-thumbnail","6":"product_brand-hafesan","7":"product_cat-h","8":"pa_packungsgroesse-75-stueck","10":"first","11":"instock","12":"shipping-taxable","13":"purchasable","14":"product-type-simple"},"acf":[],"_links":{"self":[{"href":"https:\/\/www.ernstbrunn-apotheke.at\/katalog\/wp-json\/wp\/v2\/product\/18401","targetHints":{"allow":["GET"]}}],"collection":[{"href":"https:\/\/www.ernstbrunn-apotheke.at\/katalog\/wp-json\/wp\/v2\/product"}],"about":[{"href":"https:\/\/www.ernstbrunn-apotheke.at\/katalog\/wp-json\/wp\/v2\/types\/product"}],"wp:featuredmedia":[{"embeddable":true,"href":"https:\/\/www.ernstbrunn-apotheke.at\/katalog\/wp-json\/wp\/v2\/media\/18403"}],"wp:attachment":[{"href":"https:\/\/www.ernstbrunn-apotheke.at\/katalog\/wp-json\/wp\/v2\/media?parent=18401"}],"wp:term":[{"taxonomy":"product_brand","embeddable":true,"href":"https:\/\/www.ernstbrunn-apotheke.at\/katalog\/wp-json\/wp\/v2\/product_brand?post=18401"},{"taxonomy":"product_cat","embeddable":true,"href":"https:\/\/www.ernstbrunn-apotheke.at\/katalog\/wp-json\/wp\/v2\/product_cat?post=18401"},{"taxonomy":"product_tag","embeddable":true,"href":"https:\/\/www.ernstbrunn-apotheke.at\/katalog\/wp-json\/wp\/v2\/product_tag?post=18401"}],"curies":[{"name":"wp","href":"https:\/\/api.w.org\/{rel}","templated":true}]}}