{"id":18385,"date":"2025-11-07T18:56:29","date_gmt":"2025-11-07T17:56:29","guid":{"rendered":"https:\/\/www.ernstbrunn-apotheke.at\/katalog\/produkt\/melasan-bierhefe-b-komplex-kapseln\/"},"modified":"2025-12-08T14:05:18","modified_gmt":"2025-12-08T13:05:18","slug":"melasan-bierhefe-b-komplex-kapseln","status":"publish","type":"product","link":"https:\/\/www.ernstbrunn-apotheke.at\/katalog\/produkt\/melasan-bierhefe-b-komplex-kapseln\/","title":{"rendered":"Melasan Bierhefe B-Komplex Kapseln"},"content":{"rendered":"<p>Melasan Bierhefe B-Komplex Kapseln 60 Stk. verf\u00fcgen \u00fcber eine einzigartige Kombination aus Mineralstoffen, Aminos\u00e4uren, Vitaminen aus der B-Gruppe und Spurenelementen, die nicht  nur f\u00fcr Haut, Haare und N\u00e4gel eine wahre Verj\u00fcngungskur darstellt. Auch Immunsystem, Muskelgewebe, Organe und Nervensystem k\u00f6nnen von Bierhefe langfristig profitieren.<\/p>\n","protected":false},"excerpt":{"rendered":"<p>Melasan Bierhefe B-Komplex Kapseln 60 Stk. verf\u00fcgen \u00fcber eine einzigartige Kombination aus Mineralstoffen, Aminos\u00e4uren, Vitaminen aus der B-Gruppe und Spurenelementen, die nicht nur f\u00fcr Haut, Haare und N\u00e4gel eine wahre Verj\u00fcngungskur darstellt. Auch Immunsystem, Muskelgewebe, Organe und Nervensystem k\u00f6nnen von Bierhefe langfristig profitieren.<\/p>\n","protected":false},"featured_media":18387,"template":"","meta":{"_acf_changed":false},"product_brand":[373],"product_cat":[800],"product_tag":[],"class_list":{"0":"post-18385","1":"product","2":"type-product","3":"status-publish","4":"has-post-thumbnail","6":"product_brand-melasan","7":"product_cat-m","8":"pa_packungsgroesse-180-stueck","9":"pa_packungsgroesse-60-stueck","11":"first","12":"instock","13":"shipping-taxable","14":"purchasable","15":"product-type-simple"},"acf":[],"_links":{"self":[{"href":"https:\/\/www.ernstbrunn-apotheke.at\/katalog\/wp-json\/wp\/v2\/product\/18385","targetHints":{"allow":["GET"]}}],"collection":[{"href":"https:\/\/www.ernstbrunn-apotheke.at\/katalog\/wp-json\/wp\/v2\/product"}],"about":[{"href":"https:\/\/www.ernstbrunn-apotheke.at\/katalog\/wp-json\/wp\/v2\/types\/product"}],"wp:featuredmedia":[{"embeddable":true,"href":"https:\/\/www.ernstbrunn-apotheke.at\/katalog\/wp-json\/wp\/v2\/media\/18387"}],"wp:attachment":[{"href":"https:\/\/www.ernstbrunn-apotheke.at\/katalog\/wp-json\/wp\/v2\/media?parent=18385"}],"wp:term":[{"taxonomy":"product_brand","embeddable":true,"href":"https:\/\/www.ernstbrunn-apotheke.at\/katalog\/wp-json\/wp\/v2\/product_brand?post=18385"},{"taxonomy":"product_cat","embeddable":true,"href":"https:\/\/www.ernstbrunn-apotheke.at\/katalog\/wp-json\/wp\/v2\/product_cat?post=18385"},{"taxonomy":"product_tag","embeddable":true,"href":"https:\/\/www.ernstbrunn-apotheke.at\/katalog\/wp-json\/wp\/v2\/product_tag?post=18385"}],"curies":[{"name":"wp","href":"https:\/\/api.w.org\/{rel}","templated":true}]}}