{"id":18369,"date":"2025-11-07T18:56:29","date_gmt":"2025-11-07T17:56:29","guid":{"rendered":"https:\/\/www.ernstbrunn-apotheke.at\/katalog\/produkt\/yamswurzel-500mg-kapseln\/"},"modified":"2025-12-08T14:05:02","modified_gmt":"2025-12-08T13:05:02","slug":"yamswurzel-500mg-kapseln","status":"publish","type":"product","link":"https:\/\/www.ernstbrunn-apotheke.at\/katalog\/produkt\/yamswurzel-500mg-kapseln\/","title":{"rendered":"Yamswurzel 500mg Kapseln"},"content":{"rendered":"<p>Gall Pharma Yamswurzel 500 mg Kapseln 120 Stk. sorgen f\u00fcr mehr Vitalit\u00e4t und Energie, besonders im zunehmenden Alter und h\u00e4lt fit in den Wechseljahren. Traditionell wird die Yamswurzel aufgrund ihrer entspannenden Effekte auf die Muskulatur, krampfl\u00f6senden Eigenschaften bei Koliken und bei Menstruations- sowie Wechselbeschwerden angewendet \u2013 profitieren Sie von hohen Rabatten und dem gro\u00dfen Sortiment einer Standortapotheke!<\/p>\n","protected":false},"excerpt":{"rendered":"<p>Gall Pharma Yamswurzel 500 mg Kapseln 120 Stk. sorgen f\u00fcr mehr Vitalit\u00e4t und Energie, besonders im zunehmenden Alter und h\u00e4lt fit in den Wechseljahren. Traditionell wird die Yamswurzel aufgrund ihrer entspannenden Effekte auf die Muskulatur, krampfl\u00f6senden Eigenschaften bei Koliken und bei Menstruations- sowie Wechselbeschwerden angewendet \u2013 profitieren Sie von hohen Rabatten und dem gro\u00dfen Sortiment [&hellip;]<\/p>\n","protected":false},"featured_media":18371,"template":"","meta":{"_acf_changed":false},"product_brand":[371],"product_cat":[835],"product_tag":[],"class_list":{"0":"post-18369","1":"product","2":"type-product","3":"status-publish","4":"has-post-thumbnail","6":"product_brand-gall-pharma","7":"product_cat-y","8":"pa_packungsgroesse-120-stueck","10":"first","11":"instock","12":"shipping-taxable","13":"purchasable","14":"product-type-simple"},"acf":[],"_links":{"self":[{"href":"https:\/\/www.ernstbrunn-apotheke.at\/katalog\/wp-json\/wp\/v2\/product\/18369","targetHints":{"allow":["GET"]}}],"collection":[{"href":"https:\/\/www.ernstbrunn-apotheke.at\/katalog\/wp-json\/wp\/v2\/product"}],"about":[{"href":"https:\/\/www.ernstbrunn-apotheke.at\/katalog\/wp-json\/wp\/v2\/types\/product"}],"wp:featuredmedia":[{"embeddable":true,"href":"https:\/\/www.ernstbrunn-apotheke.at\/katalog\/wp-json\/wp\/v2\/media\/18371"}],"wp:attachment":[{"href":"https:\/\/www.ernstbrunn-apotheke.at\/katalog\/wp-json\/wp\/v2\/media?parent=18369"}],"wp:term":[{"taxonomy":"product_brand","embeddable":true,"href":"https:\/\/www.ernstbrunn-apotheke.at\/katalog\/wp-json\/wp\/v2\/product_brand?post=18369"},{"taxonomy":"product_cat","embeddable":true,"href":"https:\/\/www.ernstbrunn-apotheke.at\/katalog\/wp-json\/wp\/v2\/product_cat?post=18369"},{"taxonomy":"product_tag","embeddable":true,"href":"https:\/\/www.ernstbrunn-apotheke.at\/katalog\/wp-json\/wp\/v2\/product_tag?post=18369"}],"curies":[{"name":"wp","href":"https:\/\/api.w.org\/{rel}","templated":true}]}}