{"id":18329,"date":"2025-11-07T18:55:47","date_gmt":"2025-11-07T17:55:47","guid":{"rendered":"https:\/\/www.ernstbrunn-apotheke.at\/katalog\/produkt\/burgerstein-hair-nails-tabletten-90-stk\/"},"modified":"2025-12-08T14:04:55","modified_gmt":"2025-12-08T13:04:55","slug":"burgerstein-hair-nails-tabletten-90-stk","status":"publish","type":"product","link":"https:\/\/www.ernstbrunn-apotheke.at\/katalog\/produkt\/burgerstein-hair-nails-tabletten-90-stk\/","title":{"rendered":"Burgerstein Hair &#038; Nails Tabletten 90 Stk."},"content":{"rendered":"<p>Burgerstein Tabletten Hair &#038; Nails verleiht dem Haar Spannkraft und Lebendigkeit und f\u00f6rdert die St\u00e4rke und Widerstandskraft von N\u00e4geln.<\/p>\n","protected":false},"excerpt":{"rendered":"<p>Burgerstein Tabletten Hair &#038; Nails verleiht dem Haar Spannkraft und Lebendigkeit und f\u00f6rdert die St\u00e4rke und Widerstandskraft von N\u00e4geln.<\/p>\n","protected":false},"featured_media":18331,"template":"","meta":{"_acf_changed":false},"product_brand":[446],"product_cat":[802],"product_tag":[],"class_list":{"0":"post-18329","1":"product","2":"type-product","3":"status-publish","4":"has-post-thumbnail","6":"product_brand-burgerstein","7":"product_cat-b","8":"pa_packungsgroesse-90-stueck","10":"first","11":"instock","12":"shipping-taxable","13":"purchasable","14":"product-type-simple"},"acf":[],"_links":{"self":[{"href":"https:\/\/www.ernstbrunn-apotheke.at\/katalog\/wp-json\/wp\/v2\/product\/18329","targetHints":{"allow":["GET"]}}],"collection":[{"href":"https:\/\/www.ernstbrunn-apotheke.at\/katalog\/wp-json\/wp\/v2\/product"}],"about":[{"href":"https:\/\/www.ernstbrunn-apotheke.at\/katalog\/wp-json\/wp\/v2\/types\/product"}],"wp:featuredmedia":[{"embeddable":true,"href":"https:\/\/www.ernstbrunn-apotheke.at\/katalog\/wp-json\/wp\/v2\/media\/18331"}],"wp:attachment":[{"href":"https:\/\/www.ernstbrunn-apotheke.at\/katalog\/wp-json\/wp\/v2\/media?parent=18329"}],"wp:term":[{"taxonomy":"product_brand","embeddable":true,"href":"https:\/\/www.ernstbrunn-apotheke.at\/katalog\/wp-json\/wp\/v2\/product_brand?post=18329"},{"taxonomy":"product_cat","embeddable":true,"href":"https:\/\/www.ernstbrunn-apotheke.at\/katalog\/wp-json\/wp\/v2\/product_cat?post=18329"},{"taxonomy":"product_tag","embeddable":true,"href":"https:\/\/www.ernstbrunn-apotheke.at\/katalog\/wp-json\/wp\/v2\/product_tag?post=18329"}],"curies":[{"name":"wp","href":"https:\/\/api.w.org\/{rel}","templated":true}]}}